{"id":7355,"date":"2022-01-12T21:24:20","date_gmt":"2022-01-13T02:24:20","guid":{"rendered":"https:\/\/chateaukababwestisland.ca\/product\/44-grillade-kafta-mixte-mixed-kafta-grills-copy\/"},"modified":"2023-01-30T17:45:30","modified_gmt":"2023-01-30T22:45:30","slug":"86-petit-plat-familial-mixte-small-family-mix-plate","status":"publish","type":"product","link":"https:\/\/chateaukababwestisland.ca\/ar\/shop\/order-grilled-kabab-meals-online\/the-grills-family-specials\/86-petit-plat-familial-mixte-small-family-mix-plate\/","title":{"rendered":"86. Petit Plat Familial Mixte"},"content":{"rendered":"<p>ASSIETTE MIXTE<\/p>\n<ul>\n<li>1X DE BROCHETTE DE POITRINE DE POULET,<\/li>\n<li>1X POULET HACH\u00c9<\/li>\n<li>1X ET <strong>VIANDE (BOEUF OU AGNEAU)<strong> HACH\u00c9E.<\/strong><\/strong><\/li>\n<\/ul>\n<p>SERVI AVEC RIZ, FRITES, SALADE, HUMUS, ET SAUCE \u00c2 L&#8217;AIL<br \/>\n(BOISSONS NON INCLUSES)<\/p>\n<p>Cette offre est disponible pour les commandes\u00a0<strong>de livraison et emporter seulement<\/strong><\/p>\n<p>&nbsp;<\/p>\n<p>MIXED PLATE OF<\/p>\n<ul>\n<li>1X CHICKEN BREAST SKEWER,<\/li>\n<li>1X CHICKEN KAFTA AND<\/li>\n<li>1X MEAT <strong>KAFTA (BEEF OR LAMB)<strong>.<\/strong><\/strong><\/li>\n<\/ul>\n<p>SERVED WITH RICE, FRIES, SALAD, HUMUS AND GARLIC SAUCE<br \/>\n(DRINKS NOT INCLUDED)<\/p>\n<p>This offer is available for <strong>delivery and pick-up orders only<\/strong><\/p>\n<p>&nbsp;<\/p>\n","protected":false},"excerpt":{"rendered":"<p>ASSIETTE MIXTE 1X DE BROCHETTE DE POITRINE DE POULET, 1X POULET HACH\u00c9 1X ET VIANDE (BOEUF OU AGNEAU) HACH\u00c9E. SERVI AVEC RIZ, FRITES, SALADE, HUMUS, ET SAUCE \u00c2 L&#8217;AIL (BOISSONS NON INCLUSES) Cette offre est disponible pour les commandes\u00a0de livraison et emporter seulement &nbsp; MIXED PLATE OF 1X CHICKEN BREAST SKEWER, 1X CHICKEN KAFTA AND [&hellip;]<\/p>\n","protected":false},"featured_media":9980,"template":"","meta":{"_monsterinsights_skip_tracking":false,"_monsterinsights_sitenote_active":false,"_monsterinsights_sitenote_note":"","_monsterinsights_sitenote_category":0},"product_brand":[],"product_cat":[63],"product_tag":[],"class_list":{"0":"post-7355","1":"product","2":"type-product","3":"status-publish","4":"has-post-thumbnail","6":"product_cat-the-grills-family-specials","7":"product_shipping_class-order-minimum-for-shipping","9":"first","10":"instock","11":"taxable","12":"shipping-taxable","13":"purchasable","14":"product-type-variable","15":"has-default-attributes"},"yoast_head":"<!-- This site is optimized with the Yoast SEO Premium plugin v27.0 (Yoast SEO v27.0) - https:\/\/yoast.com\/product\/yoast-seo-premium-wordpress\/ -->\n<title>86. Petit Plat Familial Mixte - Chateau Kabab West Island<\/title>\n<meta name=\"description\" content=\"MIXED PLATE OF1X CHICKEN BREAST SKEWER,1X CHICKEN KAFTA AND1X MEAT KAFTA (BEEF OR LAMB)\" \/>\n<meta name=\"robots\" content=\"index, follow, max-snippet:-1, max-image-preview:large, max-video-preview:-1\" \/>\n<link rel=\"canonical\" href=\"https:\/\/chateaukababwestisland.ca\/ar\/shop\/order-grilled-kabab-meals-online\/the-grills-family-specials\/86-petit-plat-familial-mixte-small-family-mix-plate\/\" \/>\n<meta property=\"og:locale\" content=\"ar_AR\" \/>\n<meta property=\"og:type\" content=\"article\" \/>\n<meta property=\"og:title\" content=\"86. Petit Plat Familial Mixte\" \/>\n<meta property=\"og:description\" content=\"MIXED PLATE OF1X CHICKEN BREAST SKEWER,1X CHICKEN KAFTA AND1X MEAT KAFTA (BEEF OR LAMB)\" \/>\n<meta property=\"og:url\" content=\"https:\/\/chateaukababwestisland.ca\/ar\/shop\/order-grilled-kabab-meals-online\/the-grills-family-specials\/86-petit-plat-familial-mixte-small-family-mix-plate\/\" \/>\n<meta property=\"og:site_name\" content=\"Chateau Kabab West Island\" \/>\n<meta property=\"article:publisher\" content=\"https:\/\/www.facebook.com\/chateaukababwestisland.ca\/\" \/>\n<meta property=\"article:modified_time\" content=\"2023-01-30T22:45:30+00:00\" \/>\n<meta property=\"og:image\" content=\"https:\/\/i0.wp.com\/chateaukababwestisland.ca\/wp-content\/uploads\/2022\/11\/86-Small-Family-Mix-Plate.png?fit=850%2C567&ssl=1\" \/>\n\t<meta property=\"og:image:width\" content=\"850\" \/>\n\t<meta property=\"og:image:height\" content=\"567\" \/>\n\t<meta property=\"og:image:type\" content=\"image\/png\" \/>\n<meta name=\"twitter:card\" content=\"summary_large_image\" \/>\n<meta name=\"twitter:label1\" content=\"\u0627\u0644\u062a\u0648\u0641\u0631\" \/>\n\t<meta name=\"twitter:data1\" content=\"\u0645\u062a\u0648\u0641\u0631 \u0641\u064a \u0627\u0644\u0645\u062e\u0632\u0648\u0646\" \/>\n<script type=\"application\/ld+json\" class=\"yoast-schema-graph\">{\"@context\":\"https:\/\/schema.org\",\"@graph\":[{\"@type\":\"WebPage\",\"@id\":\"https:\/\/chateaukababwestisland.ca\/ar\/shop\/order-grilled-kabab-meals-online\/the-grills-family-specials\/86-petit-plat-familial-mixte-small-family-mix-plate\/\",\"url\":\"https:\/\/chateaukababwestisland.ca\/ar\/shop\/order-grilled-kabab-meals-online\/the-grills-family-specials\/86-petit-plat-familial-mixte-small-family-mix-plate\/\",\"name\":\"86. Petit Plat Familial Mixte - Chateau Kabab West Island\",\"isPartOf\":{\"@id\":\"https:\/\/chateaukababwestisland.ca\/ar\/#website\"},\"primaryImageOfPage\":{\"@id\":\"https:\/\/chateaukababwestisland.ca\/ar\/shop\/order-grilled-kabab-meals-online\/the-grills-family-specials\/86-petit-plat-familial-mixte-small-family-mix-plate\/#primaryimage\"},\"image\":{\"@id\":\"https:\/\/chateaukababwestisland.ca\/ar\/shop\/order-grilled-kabab-meals-online\/the-grills-family-specials\/86-petit-plat-familial-mixte-small-family-mix-plate\/#primaryimage\"},\"thumbnailUrl\":\"https:\/\/i0.wp.com\/chateaukababwestisland.ca\/wp-content\/uploads\/2022\/11\/86-Small-Family-Mix-Plate.png?fit=850%2C567&ssl=1\",\"datePublished\":\"2022-01-13T02:24:20+00:00\",\"dateModified\":\"2023-01-30T22:45:30+00:00\",\"description\":\"MIXED PLATE OF1X CHICKEN BREAST SKEWER,1X CHICKEN KAFTA AND1X MEAT KAFTA (BEEF OR LAMB)\",\"breadcrumb\":{\"@id\":\"https:\/\/chateaukababwestisland.ca\/ar\/shop\/order-grilled-kabab-meals-online\/the-grills-family-specials\/86-petit-plat-familial-mixte-small-family-mix-plate\/#breadcrumb\"},\"inLanguage\":\"ar\",\"potentialAction\":[{\"@type\":\"ReadAction\",\"target\":[\"https:\/\/chateaukababwestisland.ca\/ar\/shop\/order-grilled-kabab-meals-online\/the-grills-family-specials\/86-petit-plat-familial-mixte-small-family-mix-plate\/\"]}]},{\"@type\":\"ImageObject\",\"inLanguage\":\"ar\",\"@id\":\"https:\/\/chateaukababwestisland.ca\/ar\/shop\/order-grilled-kabab-meals-online\/the-grills-family-specials\/86-petit-plat-familial-mixte-small-family-mix-plate\/#primaryimage\",\"url\":\"https:\/\/i0.wp.com\/chateaukababwestisland.ca\/wp-content\/uploads\/2022\/11\/86-Small-Family-Mix-Plate.png?fit=850%2C567&ssl=1\",\"contentUrl\":\"https:\/\/i0.wp.com\/chateaukababwestisland.ca\/wp-content\/uploads\/2022\/11\/86-Small-Family-Mix-Plate.png?fit=850%2C567&ssl=1\",\"width\":\"850\",\"height\":\"567\"},{\"@type\":\"BreadcrumbList\",\"@id\":\"https:\/\/chateaukababwestisland.ca\/ar\/shop\/order-grilled-kabab-meals-online\/the-grills-family-specials\/86-petit-plat-familial-mixte-small-family-mix-plate\/#breadcrumb\",\"itemListElement\":[{\"@type\":\"ListItem\",\"position\":1,\"name\":\"Home\",\"item\":\"https:\/\/chateaukababwestisland.ca\/ar\/\"},{\"@type\":\"ListItem\",\"position\":2,\"name\":\"Shop\",\"item\":\"https:\/\/chateaukababwestisland.ca\/shop\/\"},{\"@type\":\"ListItem\",\"position\":3,\"name\":\"86. Petit Plat Familial Mixte\"}]},{\"@type\":\"WebSite\",\"@id\":\"https:\/\/chateaukababwestisland.ca\/ar\/#website\",\"url\":\"https:\/\/chateaukababwestisland.ca\/ar\/\",\"name\":\"Chateau Kabab West Island\",\"description\":\"Montreal Persian and Iraqi Cuisine\",\"publisher\":{\"@id\":\"https:\/\/chateaukababwestisland.ca\/ar\/#organization\"},\"potentialAction\":[{\"@type\":\"SearchAction\",\"target\":{\"@type\":\"EntryPoint\",\"urlTemplate\":\"https:\/\/chateaukababwestisland.ca\/ar\/?s={search_term_string}\"},\"query-input\":{\"@type\":\"PropertyValueSpecification\",\"valueRequired\":true,\"valueName\":\"search_term_string\"}}],\"inLanguage\":\"ar\"},{\"@type\":\"Organization\",\"@id\":\"https:\/\/chateaukababwestisland.ca\/ar\/#organization\",\"name\":\"Chateau Kabab West Island\",\"url\":\"https:\/\/chateaukababwestisland.ca\/ar\/\",\"logo\":{\"@type\":\"ImageObject\",\"inLanguage\":\"ar\",\"@id\":\"https:\/\/chateaukababwestisland.ca\/ar\/#\/schema\/logo\/image\/\",\"url\":\"https:\/\/i0.wp.com\/chateaukababwestisland.ca\/wp-content\/uploads\/2017\/05\/ChateauKabab-Logo_black.png?fit=340%2C117&ssl=1\",\"contentUrl\":\"https:\/\/i0.wp.com\/chateaukababwestisland.ca\/wp-content\/uploads\/2017\/05\/ChateauKabab-Logo_black.png?fit=340%2C117&ssl=1\",\"width\":340,\"height\":117,\"caption\":\"Chateau Kabab West Island\"},\"image\":{\"@id\":\"https:\/\/chateaukababwestisland.ca\/ar\/#\/schema\/logo\/image\/\"},\"sameAs\":[\"https:\/\/www.facebook.com\/chateaukababwestisland.ca\/\",\"https:\/\/www.instagram.com\/chateaukababwestisland\/?hl=en\",\"https:\/\/www.linkedin.com\/company\/11179690\/\",\"https:\/\/www.youtube.com\/channel\/UCvih_J7Nmwcbe-5NRGYhjIw\"]}]}<\/script>\n<meta property=\"og:availability\" content=\"instock\" \/>\n<meta property=\"product:availability\" content=\"instock\" \/>\n<meta property=\"product:condition\" content=\"new\" \/>\n<!-- \/ Yoast SEO Premium plugin. -->","yoast_head_json":{"title":"86. Petit Plat Familial Mixte - Chateau Kabab West Island","description":"MIXED PLATE OF1X CHICKEN BREAST SKEWER,1X CHICKEN KAFTA AND1X MEAT KAFTA (BEEF OR LAMB)","robots":{"index":"index","follow":"follow","max-snippet":"max-snippet:-1","max-image-preview":"max-image-preview:large","max-video-preview":"max-video-preview:-1"},"canonical":"https:\/\/chateaukababwestisland.ca\/ar\/shop\/order-grilled-kabab-meals-online\/the-grills-family-specials\/86-petit-plat-familial-mixte-small-family-mix-plate\/","og_locale":"ar_AR","og_type":"article","og_title":"86. Petit Plat Familial Mixte","og_description":"MIXED PLATE OF1X CHICKEN BREAST SKEWER,1X CHICKEN KAFTA AND1X MEAT KAFTA (BEEF OR LAMB)","og_url":"https:\/\/chateaukababwestisland.ca\/ar\/shop\/order-grilled-kabab-meals-online\/the-grills-family-specials\/86-petit-plat-familial-mixte-small-family-mix-plate\/","og_site_name":"Chateau Kabab West Island","article_publisher":"https:\/\/www.facebook.com\/chateaukababwestisland.ca\/","article_modified_time":"2023-01-30T22:45:30+00:00","og_image":[{"width":850,"height":567,"url":"https:\/\/i0.wp.com\/chateaukababwestisland.ca\/wp-content\/uploads\/2022\/11\/86-Small-Family-Mix-Plate.png?fit=850%2C567&ssl=1","type":"image\/png"}],"twitter_card":"summary_large_image","twitter_misc":{"\u0627\u0644\u062a\u0648\u0641\u0631":"\u0645\u062a\u0648\u0641\u0631 \u0641\u064a \u0627\u0644\u0645\u062e\u0632\u0648\u0646"},"schema":{"@context":"https:\/\/schema.org","@graph":[{"@type":"WebPage","@id":"https:\/\/chateaukababwestisland.ca\/ar\/shop\/order-grilled-kabab-meals-online\/the-grills-family-specials\/86-petit-plat-familial-mixte-small-family-mix-plate\/","url":"https:\/\/chateaukababwestisland.ca\/ar\/shop\/order-grilled-kabab-meals-online\/the-grills-family-specials\/86-petit-plat-familial-mixte-small-family-mix-plate\/","name":"86. Petit Plat Familial Mixte - Chateau Kabab West Island","isPartOf":{"@id":"https:\/\/chateaukababwestisland.ca\/ar\/#website"},"primaryImageOfPage":{"@id":"https:\/\/chateaukababwestisland.ca\/ar\/shop\/order-grilled-kabab-meals-online\/the-grills-family-specials\/86-petit-plat-familial-mixte-small-family-mix-plate\/#primaryimage"},"image":{"@id":"https:\/\/chateaukababwestisland.ca\/ar\/shop\/order-grilled-kabab-meals-online\/the-grills-family-specials\/86-petit-plat-familial-mixte-small-family-mix-plate\/#primaryimage"},"thumbnailUrl":"https:\/\/i0.wp.com\/chateaukababwestisland.ca\/wp-content\/uploads\/2022\/11\/86-Small-Family-Mix-Plate.png?fit=850%2C567&ssl=1","datePublished":"2022-01-13T02:24:20+00:00","dateModified":"2023-01-30T22:45:30+00:00","description":"MIXED PLATE OF1X CHICKEN BREAST SKEWER,1X CHICKEN KAFTA AND1X MEAT KAFTA (BEEF OR LAMB)","breadcrumb":{"@id":"https:\/\/chateaukababwestisland.ca\/ar\/shop\/order-grilled-kabab-meals-online\/the-grills-family-specials\/86-petit-plat-familial-mixte-small-family-mix-plate\/#breadcrumb"},"inLanguage":"ar","potentialAction":[{"@type":"ReadAction","target":["https:\/\/chateaukababwestisland.ca\/ar\/shop\/order-grilled-kabab-meals-online\/the-grills-family-specials\/86-petit-plat-familial-mixte-small-family-mix-plate\/"]}]},{"@type":"ImageObject","inLanguage":"ar","@id":"https:\/\/chateaukababwestisland.ca\/ar\/shop\/order-grilled-kabab-meals-online\/the-grills-family-specials\/86-petit-plat-familial-mixte-small-family-mix-plate\/#primaryimage","url":"https:\/\/i0.wp.com\/chateaukababwestisland.ca\/wp-content\/uploads\/2022\/11\/86-Small-Family-Mix-Plate.png?fit=850%2C567&ssl=1","contentUrl":"https:\/\/i0.wp.com\/chateaukababwestisland.ca\/wp-content\/uploads\/2022\/11\/86-Small-Family-Mix-Plate.png?fit=850%2C567&ssl=1","width":"850","height":"567"},{"@type":"BreadcrumbList","@id":"https:\/\/chateaukababwestisland.ca\/ar\/shop\/order-grilled-kabab-meals-online\/the-grills-family-specials\/86-petit-plat-familial-mixte-small-family-mix-plate\/#breadcrumb","itemListElement":[{"@type":"ListItem","position":1,"name":"Home","item":"https:\/\/chateaukababwestisland.ca\/ar\/"},{"@type":"ListItem","position":2,"name":"Shop","item":"https:\/\/chateaukababwestisland.ca\/shop\/"},{"@type":"ListItem","position":3,"name":"86. Petit Plat Familial Mixte"}]},{"@type":"WebSite","@id":"https:\/\/chateaukababwestisland.ca\/ar\/#website","url":"https:\/\/chateaukababwestisland.ca\/ar\/","name":"Chateau Kabab West Island","description":"Montreal Persian and Iraqi Cuisine","publisher":{"@id":"https:\/\/chateaukababwestisland.ca\/ar\/#organization"},"potentialAction":[{"@type":"SearchAction","target":{"@type":"EntryPoint","urlTemplate":"https:\/\/chateaukababwestisland.ca\/ar\/?s={search_term_string}"},"query-input":{"@type":"PropertyValueSpecification","valueRequired":true,"valueName":"search_term_string"}}],"inLanguage":"ar"},{"@type":"Organization","@id":"https:\/\/chateaukababwestisland.ca\/ar\/#organization","name":"Chateau Kabab West Island","url":"https:\/\/chateaukababwestisland.ca\/ar\/","logo":{"@type":"ImageObject","inLanguage":"ar","@id":"https:\/\/chateaukababwestisland.ca\/ar\/#\/schema\/logo\/image\/","url":"https:\/\/i0.wp.com\/chateaukababwestisland.ca\/wp-content\/uploads\/2017\/05\/ChateauKabab-Logo_black.png?fit=340%2C117&ssl=1","contentUrl":"https:\/\/i0.wp.com\/chateaukababwestisland.ca\/wp-content\/uploads\/2017\/05\/ChateauKabab-Logo_black.png?fit=340%2C117&ssl=1","width":340,"height":117,"caption":"Chateau Kabab West Island"},"image":{"@id":"https:\/\/chateaukababwestisland.ca\/ar\/#\/schema\/logo\/image\/"},"sameAs":["https:\/\/www.facebook.com\/chateaukababwestisland.ca\/","https:\/\/www.instagram.com\/chateaukababwestisland\/?hl=en","https:\/\/www.linkedin.com\/company\/11179690\/","https:\/\/www.youtube.com\/channel\/UCvih_J7Nmwcbe-5NRGYhjIw"]}]},"og_availability":"instock","product_availability":"instock","product_condition":"new"},"jetpack_sharing_enabled":true,"_links":{"self":[{"href":"https:\/\/chateaukababwestisland.ca\/ar\/wp-json\/wp\/v2\/product\/7355","targetHints":{"allow":["GET"]}}],"collection":[{"href":"https:\/\/chateaukababwestisland.ca\/ar\/wp-json\/wp\/v2\/product"}],"about":[{"href":"https:\/\/chateaukababwestisland.ca\/ar\/wp-json\/wp\/v2\/types\/product"}],"wp:featuredmedia":[{"embeddable":true,"href":"https:\/\/chateaukababwestisland.ca\/ar\/wp-json\/wp\/v2\/media\/9980"}],"wp:attachment":[{"href":"https:\/\/chateaukababwestisland.ca\/ar\/wp-json\/wp\/v2\/media?parent=7355"}],"wp:term":[{"taxonomy":"product_brand","embeddable":true,"href":"https:\/\/chateaukababwestisland.ca\/ar\/wp-json\/wp\/v2\/product_brand?post=7355"},{"taxonomy":"product_cat","embeddable":true,"href":"https:\/\/chateaukababwestisland.ca\/ar\/wp-json\/wp\/v2\/product_cat?post=7355"},{"taxonomy":"product_tag","embeddable":true,"href":"https:\/\/chateaukababwestisland.ca\/ar\/wp-json\/wp\/v2\/product_tag?post=7355"}],"curies":[{"name":"wp","href":"https:\/\/api.w.org\/{rel}","templated":true}]}}