{"id":1133,"date":"2017-05-03T12:28:37","date_gmt":"2017-05-03T16:28:37","guid":{"rendered":"https:\/\/www.chateaukababwestisland.ca\/about\/"},"modified":"2019-01-07T20:20:10","modified_gmt":"2019-01-08T01:20:10","slug":"about","status":"publish","type":"page","link":"https:\/\/chateaukababwestisland.ca\/fr\/about\/","title":{"rendered":"\u00c0 propos"},"content":{"rendered":"\n<style type=\"text\/css\" data-created_by=\"avia_inline_auto\" id=\"style-css-av-av_section-f9404b98f00498011bac5f903ad07049\">\n.avia-section.av-av_section-f9404b98f00498011bac5f903ad07049 .av-parallax .av-parallax-inner{\nbackground-repeat:no-repeat;\nbackground-image:url(https:\/\/i0.wp.com\/chateaukababwestisland.ca\/wp-content\/uploads\/2014\/07\/banner.png?fit=1758%2C1100&ssl=1);\nbackground-position:50% 50%;\nbackground-attachment:scroll;\n}\n<\/style>\n<div id='av_section_1'  class='avia-section av-av_section-f9404b98f00498011bac5f903ad07049 main_color avia-section-large avia-no-border-styling  avia-builder-el-0  el_before_av_one_full  avia-builder-el-first  av-parallax-section avia-bg-style-parallax container_wrap sidebar_right'  data-section-bg-repeat='no-repeat'><div class='av-parallax' data-avia-parallax-ratio='0.3' ><div class='av-parallax-inner main_color avia-full-stretch'><\/div><\/div><div class='container av-section-cont-open' ><main  role=\"main\" itemprop=\"mainContentOfPage\"  class='template-page content  av-content-small alpha units'><div class='post-entry post-entry-type-page post-entry-1133'><div class='entry-content-wrapper clearfix'>\n\n<style type=\"text\/css\" data-created_by=\"avia_inline_auto\" id=\"style-css-av-av_heading-3ff71c938dc77398593aa78e5982b458\">\n#top .av-special-heading.av-av_heading-3ff71c938dc77398593aa78e5982b458{\npadding-bottom:10px;\ncolor:#ffffff;\n}\nbody .av-special-heading.av-av_heading-3ff71c938dc77398593aa78e5982b458 .av-special-heading-tag .heading-char{\nfont-size:25px;\n}\n.av-special-heading.av-av_heading-3ff71c938dc77398593aa78e5982b458 .special-heading-inner-border{\nborder-color:#ffffff;\n}\n.av-special-heading.av-av_heading-3ff71c938dc77398593aa78e5982b458 .av-subheading{\nfont-size:15px;\n}\n<\/style>\n<div  class='av-special-heading av-av_heading-3ff71c938dc77398593aa78e5982b458 av-special-heading-h1 custom-color-heading blockquote modern-quote modern-centered  avia-builder-el-1  avia-builder-el-no-sibling  av-thin-font'><h1 class='av-special-heading-tag '  itemprop=\"headline\"  > \u00c0 propos de <strong>Nous<\/strong><\/h1><div class=\"special-heading-border\"><div class=\"special-heading-inner-border\"><\/div><\/div><\/div>\n<\/div><\/div><\/main><!-- close content main element --><\/div><\/div><div id='after_section_1'  class='main_color av_default_container_wrap container_wrap sidebar_right'  ><div class='container av-section-cont-open' ><div class='template-page content  av-content-small alpha units'><div class='post-entry post-entry-type-page post-entry-1133'><div class='entry-content-wrapper clearfix'>\n\n<style type=\"text\/css\" data-created_by=\"avia_inline_auto\" id=\"style-css-av-av_one_full-6126cab7d8fab8d08143dd2dacdf673c\">\n.flex_column.av-av_one_full-6126cab7d8fab8d08143dd2dacdf673c{\nborder-radius:0px 0px 0px 0px;\npadding:0px 0px 0px 0px;\n}\n<\/style>\n<div  class='flex_column av-av_one_full-6126cab7d8fab8d08143dd2dacdf673c av_one_full  avia-builder-el-2  el_after_av_section  avia-builder-el-no-sibling  first flex_column_div av-zero-column-padding  '     ><section  class='av_textblock_section av-jqn28r4j-299c8dd5e30f3f0fd3364b4fe5fd4857 '   itemscope=\"itemscope\" itemtype=\"https:\/\/schema.org\/CreativeWork\" ><div class='avia_textblock'  itemprop=\"text\" ><p id=\"tw-target-text\" class=\"tw-data-text tw-ta tw-text-small\" dir=\"ltr\" data-placeholder=\"Translation\"><span lang=\"fr\">Restaurant Chateau Kabab est un chef de file dans le monde de la nourriture orientale. Chateau Kabab est forc\u00e9ment le pionnier de combiner \u00e0 la fois la cuisine perse et la cuisine irakienne sous un m\u00eame toit.<\/span><\/p>\n<p class=\"tw-data-text tw-ta tw-text-small\" dir=\"ltr\" data-placeholder=\"Translation\"><span lang=\"fr\">Nous vous invitons \u00e0 vous livrer \u00e0 notre grande vari\u00e9t\u00e9 de s\u00e9lections Halal \u00e0 100%. De notre sp\u00e9cialit\u00e9 dans les grils charbonn\u00e9s en bois perse et irakien, authentiques plats du Moyen-Orient faits maison aux hors-d&rsquo;oeuvre sp\u00e9cialis\u00e9s libanais et \u00e0 la sharwarma.<\/span><\/p>\n<\/div><\/section><\/div>\n","protected":false},"excerpt":{"rendered":"","protected":false},"author":2,"featured_media":0,"parent":0,"menu_order":0,"comment_status":"closed","ping_status":"closed","template":"","meta":{"_monsterinsights_skip_tracking":false,"_monsterinsights_sitenote_active":false,"_monsterinsights_sitenote_note":"","_monsterinsights_sitenote_category":0,"footnotes":""},"class_list":["post-1133","page","type-page","status-publish","hentry"],"yoast_head":"<!-- This site is optimized with the Yoast SEO Premium plugin v27.0 (Yoast SEO v27.0) - https:\/\/yoast.com\/product\/yoast-seo-premium-wordpress\/ -->\n<title>\u00c0 propos - Chateau Kabab West Island<\/title>\n<meta name=\"robots\" content=\"index, follow, max-snippet:-1, max-image-preview:large, max-video-preview:-1\" \/>\n<link rel=\"canonical\" href=\"https:\/\/chateaukababwestisland.ca\/fr\/about\/\" \/>\n<meta property=\"og:locale\" content=\"fr_CA\" \/>\n<meta property=\"og:type\" content=\"article\" \/>\n<meta property=\"og:title\" content=\"\u00c0 propos\" \/>\n<meta property=\"og:url\" content=\"https:\/\/chateaukababwestisland.ca\/fr\/about\/\" \/>\n<meta property=\"og:site_name\" content=\"Chateau Kabab West Island\" \/>\n<meta property=\"article:publisher\" content=\"https:\/\/www.facebook.com\/chateaukababwestisland.ca\/\" \/>\n<meta property=\"article:modified_time\" content=\"2019-01-08T01:20:10+00:00\" \/>\n<meta name=\"twitter:card\" content=\"summary_large_image\" \/>\n<meta name=\"twitter:label1\" content=\"Estimation du temps de lecture\" \/>\n\t<meta name=\"twitter:data1\" content=\"1 minute\" \/>\n<script type=\"application\/ld+json\" class=\"yoast-schema-graph\">{\"@context\":\"https:\/\/schema.org\",\"@graph\":[{\"@type\":\"WebPage\",\"@id\":\"https:\/\/chateaukababwestisland.ca\/fr\/about\/\",\"url\":\"https:\/\/chateaukababwestisland.ca\/fr\/about\/\",\"name\":\"\u00c0 propos - Chateau Kabab West Island\",\"isPartOf\":{\"@id\":\"https:\/\/chateaukababwestisland.ca\/fr\/#website\"},\"datePublished\":\"2017-05-03T16:28:37+00:00\",\"dateModified\":\"2019-01-08T01:20:10+00:00\",\"breadcrumb\":{\"@id\":\"https:\/\/chateaukababwestisland.ca\/fr\/about\/#breadcrumb\"},\"inLanguage\":\"fr-CA\",\"potentialAction\":[{\"@type\":\"ReadAction\",\"target\":[\"https:\/\/chateaukababwestisland.ca\/fr\/about\/\"]}]},{\"@type\":\"BreadcrumbList\",\"@id\":\"https:\/\/chateaukababwestisland.ca\/fr\/about\/#breadcrumb\",\"itemListElement\":[{\"@type\":\"ListItem\",\"position\":1,\"name\":\"Home\",\"item\":\"https:\/\/chateaukababwestisland.ca\/fr\/\"},{\"@type\":\"ListItem\",\"position\":2,\"name\":\"\u00c0 propos\"}]},{\"@type\":\"WebSite\",\"@id\":\"https:\/\/chateaukababwestisland.ca\/fr\/#website\",\"url\":\"https:\/\/chateaukababwestisland.ca\/fr\/\",\"name\":\"Chateau Kabab West Island\",\"description\":\"Montreal Persian and Iraqi Cuisine\",\"publisher\":{\"@id\":\"https:\/\/chateaukababwestisland.ca\/fr\/#organization\"},\"potentialAction\":[{\"@type\":\"SearchAction\",\"target\":{\"@type\":\"EntryPoint\",\"urlTemplate\":\"https:\/\/chateaukababwestisland.ca\/fr\/?s={search_term_string}\"},\"query-input\":{\"@type\":\"PropertyValueSpecification\",\"valueRequired\":true,\"valueName\":\"search_term_string\"}}],\"inLanguage\":\"fr-CA\"},{\"@type\":\"Organization\",\"@id\":\"https:\/\/chateaukababwestisland.ca\/fr\/#organization\",\"name\":\"Chateau Kabab West Island\",\"url\":\"https:\/\/chateaukababwestisland.ca\/fr\/\",\"logo\":{\"@type\":\"ImageObject\",\"inLanguage\":\"fr-CA\",\"@id\":\"https:\/\/chateaukababwestisland.ca\/fr\/#\/schema\/logo\/image\/\",\"url\":\"https:\/\/i0.wp.com\/chateaukababwestisland.ca\/wp-content\/uploads\/2017\/05\/ChateauKabab-Logo_black.png?fit=340%2C117&ssl=1\",\"contentUrl\":\"https:\/\/i0.wp.com\/chateaukababwestisland.ca\/wp-content\/uploads\/2017\/05\/ChateauKabab-Logo_black.png?fit=340%2C117&ssl=1\",\"width\":340,\"height\":117,\"caption\":\"Chateau Kabab West Island\"},\"image\":{\"@id\":\"https:\/\/chateaukababwestisland.ca\/fr\/#\/schema\/logo\/image\/\"},\"sameAs\":[\"https:\/\/www.facebook.com\/chateaukababwestisland.ca\/\",\"https:\/\/www.instagram.com\/chateaukababwestisland\/?hl=en\",\"https:\/\/www.linkedin.com\/company\/11179690\/\",\"https:\/\/www.youtube.com\/channel\/UCvih_J7Nmwcbe-5NRGYhjIw\"]}]}<\/script>\n<!-- \/ Yoast SEO Premium plugin. -->","yoast_head_json":{"title":"\u00c0 propos - Chateau Kabab West Island","robots":{"index":"index","follow":"follow","max-snippet":"max-snippet:-1","max-image-preview":"max-image-preview:large","max-video-preview":"max-video-preview:-1"},"canonical":"https:\/\/chateaukababwestisland.ca\/fr\/about\/","og_locale":"fr_CA","og_type":"article","og_title":"\u00c0 propos","og_url":"https:\/\/chateaukababwestisland.ca\/fr\/about\/","og_site_name":"Chateau Kabab West Island","article_publisher":"https:\/\/www.facebook.com\/chateaukababwestisland.ca\/","article_modified_time":"2019-01-08T01:20:10+00:00","twitter_card":"summary_large_image","twitter_misc":{"Estimation du temps de lecture":"1 minute"},"schema":{"@context":"https:\/\/schema.org","@graph":[{"@type":"WebPage","@id":"https:\/\/chateaukababwestisland.ca\/fr\/about\/","url":"https:\/\/chateaukababwestisland.ca\/fr\/about\/","name":"\u00c0 propos - Chateau Kabab West Island","isPartOf":{"@id":"https:\/\/chateaukababwestisland.ca\/fr\/#website"},"datePublished":"2017-05-03T16:28:37+00:00","dateModified":"2019-01-08T01:20:10+00:00","breadcrumb":{"@id":"https:\/\/chateaukababwestisland.ca\/fr\/about\/#breadcrumb"},"inLanguage":"fr-CA","potentialAction":[{"@type":"ReadAction","target":["https:\/\/chateaukababwestisland.ca\/fr\/about\/"]}]},{"@type":"BreadcrumbList","@id":"https:\/\/chateaukababwestisland.ca\/fr\/about\/#breadcrumb","itemListElement":[{"@type":"ListItem","position":1,"name":"Home","item":"https:\/\/chateaukababwestisland.ca\/fr\/"},{"@type":"ListItem","position":2,"name":"\u00c0 propos"}]},{"@type":"WebSite","@id":"https:\/\/chateaukababwestisland.ca\/fr\/#website","url":"https:\/\/chateaukababwestisland.ca\/fr\/","name":"Chateau Kabab West Island","description":"Montreal Persian and Iraqi Cuisine","publisher":{"@id":"https:\/\/chateaukababwestisland.ca\/fr\/#organization"},"potentialAction":[{"@type":"SearchAction","target":{"@type":"EntryPoint","urlTemplate":"https:\/\/chateaukababwestisland.ca\/fr\/?s={search_term_string}"},"query-input":{"@type":"PropertyValueSpecification","valueRequired":true,"valueName":"search_term_string"}}],"inLanguage":"fr-CA"},{"@type":"Organization","@id":"https:\/\/chateaukababwestisland.ca\/fr\/#organization","name":"Chateau Kabab West Island","url":"https:\/\/chateaukababwestisland.ca\/fr\/","logo":{"@type":"ImageObject","inLanguage":"fr-CA","@id":"https:\/\/chateaukababwestisland.ca\/fr\/#\/schema\/logo\/image\/","url":"https:\/\/i0.wp.com\/chateaukababwestisland.ca\/wp-content\/uploads\/2017\/05\/ChateauKabab-Logo_black.png?fit=340%2C117&ssl=1","contentUrl":"https:\/\/i0.wp.com\/chateaukababwestisland.ca\/wp-content\/uploads\/2017\/05\/ChateauKabab-Logo_black.png?fit=340%2C117&ssl=1","width":340,"height":117,"caption":"Chateau Kabab West Island"},"image":{"@id":"https:\/\/chateaukababwestisland.ca\/fr\/#\/schema\/logo\/image\/"},"sameAs":["https:\/\/www.facebook.com\/chateaukababwestisland.ca\/","https:\/\/www.instagram.com\/chateaukababwestisland\/?hl=en","https:\/\/www.linkedin.com\/company\/11179690\/","https:\/\/www.youtube.com\/channel\/UCvih_J7Nmwcbe-5NRGYhjIw"]}]}},"jetpack_sharing_enabled":true,"_links":{"self":[{"href":"https:\/\/chateaukababwestisland.ca\/fr\/wp-json\/wp\/v2\/pages\/1133","targetHints":{"allow":["GET"]}}],"collection":[{"href":"https:\/\/chateaukababwestisland.ca\/fr\/wp-json\/wp\/v2\/pages"}],"about":[{"href":"https:\/\/chateaukababwestisland.ca\/fr\/wp-json\/wp\/v2\/types\/page"}],"author":[{"embeddable":true,"href":"https:\/\/chateaukababwestisland.ca\/fr\/wp-json\/wp\/v2\/users\/2"}],"replies":[{"embeddable":true,"href":"https:\/\/chateaukababwestisland.ca\/fr\/wp-json\/wp\/v2\/comments?post=1133"}],"version-history":[{"count":0,"href":"https:\/\/chateaukababwestisland.ca\/fr\/wp-json\/wp\/v2\/pages\/1133\/revisions"}],"wp:attachment":[{"href":"https:\/\/chateaukababwestisland.ca\/fr\/wp-json\/wp\/v2\/media?parent=1133"}],"curies":[{"name":"wp","href":"https:\/\/api.w.org\/{rel}","templated":true}]}}