{"id":1654,"date":"2017-08-23T22:13:02","date_gmt":"2017-08-24T02:13:02","guid":{"rendered":"https:\/\/www.chateaukababwestisland.ca\/franchises\/"},"modified":"2018-03-25T21:28:56","modified_gmt":"2018-03-26T01:28:56","slug":"franchise","status":"publish","type":"page","link":"https:\/\/chateaukababwestisland.ca\/fr\/franchise\/","title":{"rendered":"Franchises"},"content":{"rendered":"\n<style type=\"text\/css\" data-created_by=\"avia_inline_auto\" id=\"style-css-av-av_heading-1b59b3cca033faa0f9559ffe10eedd34\">\n#top .av-special-heading.av-av_heading-1b59b3cca033faa0f9559ffe10eedd34{\npadding-bottom:10px;\n}\nbody .av-special-heading.av-av_heading-1b59b3cca033faa0f9559ffe10eedd34 .av-special-heading-tag .heading-char{\nfont-size:25px;\n}\n.av-special-heading.av-av_heading-1b59b3cca033faa0f9559ffe10eedd34 .av-subheading{\nfont-size:15px;\n}\n<\/style>\n<div  class='av-special-heading av-av_heading-1b59b3cca033faa0f9559ffe10eedd34 av-special-heading-h1 blockquote modern-quote modern-centered  avia-builder-el-0  el_before_av_textblock  avia-builder-el-first  av-thin-font'><h1 class='av-special-heading-tag '  itemprop=\"headline\"  >Possibilit\u00e9s de <strong>Franchisage<\/strong><\/h1><div class=\"special-heading-border\"><div class=\"special-heading-inner-border\"><\/div><\/div><\/div>\n\n<style type=\"text\/css\" data-created_by=\"avia_inline_auto\" id=\"style-css-av-av_textblock-78053a814379703d97f6b9d952c790ca\">\n#top .av_textblock_section.av-av_textblock-78053a814379703d97f6b9d952c790ca .avia_textblock{\nfont-size:16px;\n}\n<\/style>\n<section  class='av_textblock_section av-av_textblock-78053a814379703d97f6b9d952c790ca '   itemscope=\"itemscope\" itemtype=\"https:\/\/schema.org\/CreativeWork\" ><div class='avia_textblock'  itemprop=\"text\" ><p>Nous souhaitons \u00e9tendre la famille Ch\u00e2teau Kabab avec des partenaires qui partagent nos valeurs et sont capables de les propager.<\/p>\n<p><span style=\"font-weight: 400;\">Restaurant Chateau Kabab est un chef de file dans le monde de la nourriture du Moyen-Orient. Le Ch\u00e2teau Kabab qui a \u00e9t\u00e9 cr\u00e9\u00e9 en 2005 sera le pionnier de combiner \u00e0 la fois les cuisines perse et irakienne sous un m\u00eame toit. De notre sp\u00e9cialit\u00e9 dans les grils charbonn\u00e9s en bois perse et irakien, authentiques plats du Moyen-Orient faits maison aux hors-d&rsquo;oeuvre sp\u00e9cialis\u00e9s libanais et \u00e0 la sharwarma. <\/span><\/p>\n<p><span style=\"font-weight: 400;\">Si vous d\u00e9sirez poss\u00e9der votre propre entreprise qui correspond \u00e0 votre passion pour les aliments frais, sains et de qualit\u00e9, l&rsquo;une de nos franchises de restaurant peut vous convenir parfaitement. Notre \u00e9quipe d&rsquo;experts peut vous former dans tous les aspects de votre entreprise, du marketing et des op\u00e9rations aux inventaires, au personnel, \u00e0 la s\u00e9lection du site et plus encore. Si vous \u00eates en train de faire fonctionner votre propre restaurant Chateau Kabab, contactez-nous aujourd&rsquo;hui par courriel ou par t\u00e9l\u00e9phone pour plus d&rsquo;informations sur les opportunit\u00e9s qui vous entourent.<\/span><\/p>\n<p><strong><em>Kasim Mozan<\/em><\/strong><br \/>\n<strong><em>Gestion<\/em><\/strong><\/p>\n<\/div><\/section>\n","protected":false},"excerpt":{"rendered":"","protected":false},"author":1,"featured_media":0,"parent":0,"menu_order":40,"comment_status":"closed","ping_status":"closed","template":"","meta":{"_monsterinsights_skip_tracking":false,"_monsterinsights_sitenote_active":false,"_monsterinsights_sitenote_note":"","_monsterinsights_sitenote_category":0,"footnotes":""},"class_list":["post-1654","page","type-page","status-publish","hentry"],"yoast_head":"<!-- This site is optimized with the Yoast SEO Premium plugin v27.0 (Yoast SEO v27.0) - https:\/\/yoast.com\/product\/yoast-seo-premium-wordpress\/ -->\n<title>Franchise | Chateau Kabab West Island<\/title>\n<meta name=\"description\" content=\"Si vous \u00eates pr\u00eat \u00e0 relever le d\u00e9fi de g\u00e9rer une franchise, veuillez nous contacter aujourd&#039;hui par courriel ou par t\u00e9l\u00e9phone pour plus d&#039;informations.\" \/>\n<meta name=\"robots\" content=\"index, follow, max-snippet:-1, max-image-preview:large, max-video-preview:-1\" \/>\n<link rel=\"canonical\" href=\"https:\/\/chateaukababwestisland.ca\/fr\/franchise\/\" \/>\n<meta property=\"og:locale\" content=\"fr_CA\" \/>\n<meta property=\"og:type\" content=\"article\" \/>\n<meta property=\"og:title\" content=\"Franchises\" \/>\n<meta property=\"og:description\" content=\"Si vous \u00eates pr\u00eat \u00e0 relever le d\u00e9fi de g\u00e9rer une franchise, veuillez nous contacter aujourd&#039;hui par courriel ou par t\u00e9l\u00e9phone pour plus d&#039;informations.\" \/>\n<meta property=\"og:url\" content=\"https:\/\/chateaukababwestisland.ca\/fr\/franchise\/\" \/>\n<meta property=\"og:site_name\" content=\"Chateau Kabab West Island\" \/>\n<meta property=\"article:publisher\" content=\"https:\/\/www.facebook.com\/chateaukababwestisland.ca\/\" \/>\n<meta property=\"article:modified_time\" content=\"2018-03-26T01:28:56+00:00\" \/>\n<meta name=\"twitter:card\" content=\"summary_large_image\" \/>\n<meta name=\"twitter:label1\" content=\"Estimation du temps de lecture\" \/>\n\t<meta name=\"twitter:data1\" content=\"1 minute\" \/>\n<script type=\"application\/ld+json\" class=\"yoast-schema-graph\">{\"@context\":\"https:\/\/schema.org\",\"@graph\":[{\"@type\":\"WebPage\",\"@id\":\"https:\/\/chateaukababwestisland.ca\/fr\/franchise\/\",\"url\":\"https:\/\/chateaukababwestisland.ca\/fr\/franchise\/\",\"name\":\"Franchise | Chateau Kabab West Island\",\"isPartOf\":{\"@id\":\"https:\/\/chateaukababwestisland.ca\/fr\/#website\"},\"datePublished\":\"2017-08-24T02:13:02+00:00\",\"dateModified\":\"2018-03-26T01:28:56+00:00\",\"description\":\"Si vous \u00eates pr\u00eat \u00e0 relever le d\u00e9fi de g\u00e9rer une franchise, veuillez nous contacter aujourd'hui par courriel ou par t\u00e9l\u00e9phone pour plus d'informations.\",\"breadcrumb\":{\"@id\":\"https:\/\/chateaukababwestisland.ca\/fr\/franchise\/#breadcrumb\"},\"inLanguage\":\"fr-CA\",\"potentialAction\":[{\"@type\":\"ReadAction\",\"target\":[\"https:\/\/chateaukababwestisland.ca\/fr\/franchise\/\"]}]},{\"@type\":\"BreadcrumbList\",\"@id\":\"https:\/\/chateaukababwestisland.ca\/fr\/franchise\/#breadcrumb\",\"itemListElement\":[{\"@type\":\"ListItem\",\"position\":1,\"name\":\"Home\",\"item\":\"https:\/\/chateaukababwestisland.ca\/fr\/\"},{\"@type\":\"ListItem\",\"position\":2,\"name\":\"Franchises\"}]},{\"@type\":\"WebSite\",\"@id\":\"https:\/\/chateaukababwestisland.ca\/fr\/#website\",\"url\":\"https:\/\/chateaukababwestisland.ca\/fr\/\",\"name\":\"Chateau Kabab West Island\",\"description\":\"Montreal Persian and Iraqi Cuisine\",\"publisher\":{\"@id\":\"https:\/\/chateaukababwestisland.ca\/fr\/#organization\"},\"potentialAction\":[{\"@type\":\"SearchAction\",\"target\":{\"@type\":\"EntryPoint\",\"urlTemplate\":\"https:\/\/chateaukababwestisland.ca\/fr\/?s={search_term_string}\"},\"query-input\":{\"@type\":\"PropertyValueSpecification\",\"valueRequired\":true,\"valueName\":\"search_term_string\"}}],\"inLanguage\":\"fr-CA\"},{\"@type\":\"Organization\",\"@id\":\"https:\/\/chateaukababwestisland.ca\/fr\/#organization\",\"name\":\"Chateau Kabab West Island\",\"url\":\"https:\/\/chateaukababwestisland.ca\/fr\/\",\"logo\":{\"@type\":\"ImageObject\",\"inLanguage\":\"fr-CA\",\"@id\":\"https:\/\/chateaukababwestisland.ca\/fr\/#\/schema\/logo\/image\/\",\"url\":\"https:\/\/i0.wp.com\/chateaukababwestisland.ca\/wp-content\/uploads\/2017\/05\/ChateauKabab-Logo_black.png?fit=340%2C117&ssl=1\",\"contentUrl\":\"https:\/\/i0.wp.com\/chateaukababwestisland.ca\/wp-content\/uploads\/2017\/05\/ChateauKabab-Logo_black.png?fit=340%2C117&ssl=1\",\"width\":340,\"height\":117,\"caption\":\"Chateau Kabab West Island\"},\"image\":{\"@id\":\"https:\/\/chateaukababwestisland.ca\/fr\/#\/schema\/logo\/image\/\"},\"sameAs\":[\"https:\/\/www.facebook.com\/chateaukababwestisland.ca\/\",\"https:\/\/www.instagram.com\/chateaukababwestisland\/?hl=en\",\"https:\/\/www.linkedin.com\/company\/11179690\/\",\"https:\/\/www.youtube.com\/channel\/UCvih_J7Nmwcbe-5NRGYhjIw\"]}]}<\/script>\n<!-- \/ Yoast SEO Premium plugin. -->","yoast_head_json":{"title":"Franchise | Chateau Kabab West Island","description":"Si vous \u00eates pr\u00eat \u00e0 relever le d\u00e9fi de g\u00e9rer une franchise, veuillez nous contacter aujourd'hui par courriel ou par t\u00e9l\u00e9phone pour plus d'informations.","robots":{"index":"index","follow":"follow","max-snippet":"max-snippet:-1","max-image-preview":"max-image-preview:large","max-video-preview":"max-video-preview:-1"},"canonical":"https:\/\/chateaukababwestisland.ca\/fr\/franchise\/","og_locale":"fr_CA","og_type":"article","og_title":"Franchises","og_description":"Si vous \u00eates pr\u00eat \u00e0 relever le d\u00e9fi de g\u00e9rer une franchise, veuillez nous contacter aujourd'hui par courriel ou par t\u00e9l\u00e9phone pour plus d'informations.","og_url":"https:\/\/chateaukababwestisland.ca\/fr\/franchise\/","og_site_name":"Chateau Kabab West Island","article_publisher":"https:\/\/www.facebook.com\/chateaukababwestisland.ca\/","article_modified_time":"2018-03-26T01:28:56+00:00","twitter_card":"summary_large_image","twitter_misc":{"Estimation du temps de lecture":"1 minute"},"schema":{"@context":"https:\/\/schema.org","@graph":[{"@type":"WebPage","@id":"https:\/\/chateaukababwestisland.ca\/fr\/franchise\/","url":"https:\/\/chateaukababwestisland.ca\/fr\/franchise\/","name":"Franchise | Chateau Kabab West Island","isPartOf":{"@id":"https:\/\/chateaukababwestisland.ca\/fr\/#website"},"datePublished":"2017-08-24T02:13:02+00:00","dateModified":"2018-03-26T01:28:56+00:00","description":"Si vous \u00eates pr\u00eat \u00e0 relever le d\u00e9fi de g\u00e9rer une franchise, veuillez nous contacter aujourd'hui par courriel ou par t\u00e9l\u00e9phone pour plus d'informations.","breadcrumb":{"@id":"https:\/\/chateaukababwestisland.ca\/fr\/franchise\/#breadcrumb"},"inLanguage":"fr-CA","potentialAction":[{"@type":"ReadAction","target":["https:\/\/chateaukababwestisland.ca\/fr\/franchise\/"]}]},{"@type":"BreadcrumbList","@id":"https:\/\/chateaukababwestisland.ca\/fr\/franchise\/#breadcrumb","itemListElement":[{"@type":"ListItem","position":1,"name":"Home","item":"https:\/\/chateaukababwestisland.ca\/fr\/"},{"@type":"ListItem","position":2,"name":"Franchises"}]},{"@type":"WebSite","@id":"https:\/\/chateaukababwestisland.ca\/fr\/#website","url":"https:\/\/chateaukababwestisland.ca\/fr\/","name":"Chateau Kabab West Island","description":"Montreal Persian and Iraqi Cuisine","publisher":{"@id":"https:\/\/chateaukababwestisland.ca\/fr\/#organization"},"potentialAction":[{"@type":"SearchAction","target":{"@type":"EntryPoint","urlTemplate":"https:\/\/chateaukababwestisland.ca\/fr\/?s={search_term_string}"},"query-input":{"@type":"PropertyValueSpecification","valueRequired":true,"valueName":"search_term_string"}}],"inLanguage":"fr-CA"},{"@type":"Organization","@id":"https:\/\/chateaukababwestisland.ca\/fr\/#organization","name":"Chateau Kabab West Island","url":"https:\/\/chateaukababwestisland.ca\/fr\/","logo":{"@type":"ImageObject","inLanguage":"fr-CA","@id":"https:\/\/chateaukababwestisland.ca\/fr\/#\/schema\/logo\/image\/","url":"https:\/\/i0.wp.com\/chateaukababwestisland.ca\/wp-content\/uploads\/2017\/05\/ChateauKabab-Logo_black.png?fit=340%2C117&ssl=1","contentUrl":"https:\/\/i0.wp.com\/chateaukababwestisland.ca\/wp-content\/uploads\/2017\/05\/ChateauKabab-Logo_black.png?fit=340%2C117&ssl=1","width":340,"height":117,"caption":"Chateau Kabab West Island"},"image":{"@id":"https:\/\/chateaukababwestisland.ca\/fr\/#\/schema\/logo\/image\/"},"sameAs":["https:\/\/www.facebook.com\/chateaukababwestisland.ca\/","https:\/\/www.instagram.com\/chateaukababwestisland\/?hl=en","https:\/\/www.linkedin.com\/company\/11179690\/","https:\/\/www.youtube.com\/channel\/UCvih_J7Nmwcbe-5NRGYhjIw"]}]}},"jetpack_sharing_enabled":true,"_links":{"self":[{"href":"https:\/\/chateaukababwestisland.ca\/fr\/wp-json\/wp\/v2\/pages\/1654","targetHints":{"allow":["GET"]}}],"collection":[{"href":"https:\/\/chateaukababwestisland.ca\/fr\/wp-json\/wp\/v2\/pages"}],"about":[{"href":"https:\/\/chateaukababwestisland.ca\/fr\/wp-json\/wp\/v2\/types\/page"}],"author":[{"embeddable":true,"href":"https:\/\/chateaukababwestisland.ca\/fr\/wp-json\/wp\/v2\/users\/1"}],"replies":[{"embeddable":true,"href":"https:\/\/chateaukababwestisland.ca\/fr\/wp-json\/wp\/v2\/comments?post=1654"}],"version-history":[{"count":0,"href":"https:\/\/chateaukababwestisland.ca\/fr\/wp-json\/wp\/v2\/pages\/1654\/revisions"}],"wp:attachment":[{"href":"https:\/\/chateaukababwestisland.ca\/fr\/wp-json\/wp\/v2\/media?parent=1654"}],"curies":[{"name":"wp","href":"https:\/\/api.w.org\/{rel}","templated":true}]}}