{"id":1869,"date":"2017-11-18T00:36:46","date_gmt":"2017-11-18T05:36:46","guid":{"rendered":"https:\/\/www.chateaukababwestisland.ca\/socailmedia-reservation\/"},"modified":"2017-11-18T13:24:35","modified_gmt":"2017-11-18T18:24:35","slug":"reserve","status":"publish","type":"page","link":"https:\/\/chateaukababwestisland.ca\/fr\/reserve\/","title":{"rendered":"Reserve"},"content":{"rendered":"\n<style type=\"text\/css\" data-created_by=\"avia_inline_auto\" id=\"style-css-av-av_section-df25820ec605aecc8968f095843d0aaf\">\n.avia-section.av-av_section-df25820ec605aecc8968f095843d0aaf .av-parallax .av-parallax-inner{\nbackground-repeat:no-repeat;\nbackground-image:url(https:\/\/i0.wp.com\/chateaukababwestisland.ca\/wp-content\/uploads\/2017\/05\/DSC_0105.jpg?fit=1078%2C1437&ssl=1);\nbackground-position:50% 100%;\nbackground-attachment:scroll;\n}\n<\/style>\n<div id='av_section_1'  class='avia-section av-av_section-df25820ec605aecc8968f095843d0aaf main_color avia-section-large avia-no-border-styling  avia-builder-el-0  el_before_av_one_half  avia-builder-el-first  avia-full-stretch av-parallax-section avia-bg-style-parallax container_wrap sidebar_right'  data-section-bg-repeat='stretch'><div class='av-parallax' data-avia-parallax-ratio='0.3' ><div class='av-parallax-inner main_color avia-full-stretch'><\/div><\/div><div class='container av-section-cont-open' ><main  role=\"main\" itemprop=\"mainContentOfPage\"  class='template-page content  av-content-small alpha units'><div class='post-entry post-entry-type-page post-entry-1869'><div class='entry-content-wrapper clearfix'>\n\n<style type=\"text\/css\" data-created_by=\"avia_inline_auto\" id=\"style-css-av-av_heading-ded492bce99c2411935878456bd23cbf\">\n#top .av-special-heading.av-av_heading-ded492bce99c2411935878456bd23cbf{\npadding-bottom:0;\ncolor:#ffffff;\n}\nbody .av-special-heading.av-av_heading-ded492bce99c2411935878456bd23cbf .av-special-heading-tag .heading-char{\nfont-size:25px;\n}\n.av-special-heading.av-av_heading-ded492bce99c2411935878456bd23cbf .special-heading-inner-border{\nborder-color:#ffffff;\n}\n.av-special-heading.av-av_heading-ded492bce99c2411935878456bd23cbf .av-subheading{\nfont-size:15px;\n}\n<\/style>\n<div  class='av-special-heading av-av_heading-ded492bce99c2411935878456bd23cbf av-special-heading-h1 custom-color-heading blockquote modern-quote modern-centered  avia-builder-el-1  avia-builder-el-no-sibling  av-thin-font'><h1 class='av-special-heading-tag '  itemprop=\"headline\"  > Faire une <strong>R\u00e9servation<\/strong><\/h1><div class=\"special-heading-border\"><div class=\"special-heading-inner-border\"><\/div><\/div><\/div>\n<\/div><\/div><\/main><!-- close content main element --><\/div><\/div><div id='after_section_1'  class='main_color av_default_container_wrap container_wrap sidebar_right'  ><div class='container av-section-cont-open' ><div class='template-page content  av-content-small alpha units'><div class='post-entry post-entry-type-page post-entry-1869'><div class='entry-content-wrapper clearfix'>\n<style type=\"text\/css\" data-created_by=\"avia_inline_auto\" id=\"style-css-av-av_one_half-6126cab7d8fab8d08143dd2dacdf673c\">\n.flex_column.av-av_one_half-6126cab7d8fab8d08143dd2dacdf673c{\nborder-radius:0px 0px 0px 0px;\npadding:0px 0px 0px 0px;\n}\n<\/style>\n<div  class='flex_column av-av_one_half-6126cab7d8fab8d08143dd2dacdf673c av_one_half  avia-builder-el-2  el_after_av_section  el_before_av_one_half  avia-builder-el-first  first flex_column_div av-zero-column-padding  '     ><p>\n<style type=\"text\/css\" data-created_by=\"avia_inline_auto\" id=\"style-css-av-av_heading-2dad3763641fdaeac4a84122c1bffab4\">\n#top .av-special-heading.av-av_heading-2dad3763641fdaeac4a84122c1bffab4{\npadding-bottom:10px;\n}\nbody .av-special-heading.av-av_heading-2dad3763641fdaeac4a84122c1bffab4 .av-special-heading-tag .heading-char{\nfont-size:25px;\n}\n.av-special-heading.av-av_heading-2dad3763641fdaeac4a84122c1bffab4 .av-subheading{\nfont-size:15px;\n}\n<\/style>\n<div  class='av-special-heading av-av_heading-2dad3763641fdaeac4a84122c1bffab4 av-special-heading-h2  avia-builder-el-3  el_before_av_textblock  avia-builder-el-first  av-thin-font'><h2 class='av-special-heading-tag '  itemprop=\"headline\"  > Remplir le formulaire <span class='special_amp'>&amp;<\/span> <strong>R\u00e9servez maintenant<\/strong><\/h2><div class=\"special-heading-border\"><div class=\"special-heading-inner-border\"><\/div><\/div><\/div><br \/>\n<section  class='av_textblock_section av-av_textblock-396ddf1f42196ca838231e61a4602801 '   itemscope=\"itemscope\" itemtype=\"https:\/\/schema.org\/CreativeWork\" ><div class='avia_textblock'  itemprop=\"text\" ><p>Nous confirmerons votre r\u00e9servation d\u00e8sque possible via E-Mail.<\/p>\n<\/div><\/section><br \/>\n<section  class='av_textblock_section av-av_textblock-396ddf1f42196ca838231e61a4602801 '   itemscope=\"itemscope\" itemtype=\"https:\/\/schema.org\/CreativeWork\" ><div class='avia_textblock'  itemprop=\"text\" >\n<div class=\"wpcf7 no-js\" id=\"wpcf7-f1872-o1\" lang=\"en-CA\" dir=\"ltr\" data-wpcf7-id=\"1872\">\n<div class=\"screen-reader-response\"><p role=\"status\" aria-live=\"polite\" aria-atomic=\"true\"><\/p> <ul><\/ul><\/div>\n<form action=\"\/fr\/wp-json\/wp\/v2\/pages\/1869#wpcf7-f1872-o1\" method=\"post\" class=\"wpcf7-form init\" aria-label=\"Contact form\" novalidate=\"novalidate\" data-status=\"init\">\n<fieldset class=\"hidden-fields-container\"><input type=\"hidden\" name=\"_wpcf7\" value=\"1872\" \/><input type=\"hidden\" name=\"_wpcf7_version\" value=\"6.1.4\" \/><input type=\"hidden\" name=\"_wpcf7_locale\" value=\"en_CA\" \/><input type=\"hidden\" name=\"_wpcf7_unit_tag\" value=\"wpcf7-f1872-o1\" \/><input type=\"hidden\" name=\"_wpcf7_container_post\" value=\"0\" \/><input type=\"hidden\" name=\"_wpcf7_posted_data_hash\" value=\"\" \/><input type=\"hidden\" name=\"_wpcf7_recaptcha_response\" value=\"\" \/>\n<\/fieldset>\n<p><label> <span class=\"wpcf7-form-control-wrap\" data-name=\"reservation-date\"><input size=\"40\" maxlength=\"400\" class=\"wpcf7-form-control wpcf7-text wpcf7-validates-as-required dp-field\" aria-required=\"true\" aria-invalid=\"false\" placeholder=\"Date&amp;Heure de r\u00e9servation (obligatoire)\" value=\"\" type=\"text\" name=\"reservation-date\" \/><\/span> <\/label><br \/>\n<label> <span class=\"wpcf7-form-control-wrap\" data-name=\"number-people\"><input class=\"wpcf7-form-control wpcf7-number wpcf7-validates-as-required wpcf7-validates-as-number\" min=\"1\" aria-required=\"true\" aria-invalid=\"false\" placeholder=\"Nombre de places (obligatoire)\" value=\"\" type=\"number\" name=\"number-people\" \/><\/span> <\/label><br \/>\n<label> <span class=\"wpcf7-form-control-wrap\" data-name=\"your-name\"><input size=\"40\" maxlength=\"400\" class=\"wpcf7-form-control wpcf7-text wpcf7-validates-as-required\" aria-required=\"true\" aria-invalid=\"false\" placeholder=\"Nom (obligatoire)\" value=\"\" type=\"text\" name=\"your-name\" \/><\/span> <\/label><br \/>\n<label><span class=\"wpcf7-form-control-wrap\" data-name=\"your-email\"><input size=\"40\" maxlength=\"400\" class=\"wpcf7-form-control wpcf7-email wpcf7-validates-as-required wpcf7-text wpcf7-validates-as-email\" aria-required=\"true\" aria-invalid=\"false\" placeholder=\"Email (obligatoire)\" value=\"\" type=\"email\" name=\"your-email\" \/><\/span><\/label><br \/>\n<label> <span class=\"wpcf7-form-control-wrap\" data-name=\"phonenumber\"><input size=\"40\" maxlength=\"400\" class=\"wpcf7-form-control wpcf7-tel wpcf7-validates-as-required wpcf7-text wpcf7-validates-as-tel\" aria-required=\"true\" aria-invalid=\"false\" placeholder=\"Telephone (obligatoir)\" value=\"\" type=\"tel\" name=\"phonenumber\" \/><\/span><\/label><br \/>\n<label><span class=\"wpcf7-form-control-wrap\" data-name=\"firsttime-menu\"><select class=\"wpcf7-form-control wpcf7-select wpcf7-validates-as-required\" aria-required=\"true\" aria-invalid=\"false\" name=\"firsttime-menu\"><option value=\"\">Premi\u00e8re visite?<\/option><option value=\"Non\">Non<\/option><option value=\"Oui\">Oui<\/option><\/select><\/span><\/label><br \/>\n<label> <span class=\"wpcf7-form-control-wrap\" data-name=\"your-message\"><textarea cols=\"40\" rows=\"8\" maxlength=\"2000\" class=\"wpcf7-form-control wpcf7-textarea\" aria-invalid=\"false\" name=\"your-message\">Demande sp\u00e9ciale...<\/textarea><\/span> <\/label><br \/>\n<br \/>\n<input class=\"wpcf7-form-control wpcf7-submit has-spinner\" type=\"submit\" value=\"Envoyer\" \/>\n<\/p><div class=\"wpcf7-response-output\" aria-hidden=\"true\"><\/div>\n<\/form>\n<\/div>\n\n<\/div><\/section><\/p><\/div>\n<style type=\"text\/css\" data-created_by=\"avia_inline_auto\" id=\"style-css-av-av_one_half-0aa7055fe62c3622faec82866afbaeb2\">\n.flex_column.av-av_one_half-0aa7055fe62c3622faec82866afbaeb2{\nborder-radius:0px 0px 0px 0px;\npadding:0px 0px 0px 0px;\n}\n<\/style>\n<div  class='flex_column av-av_one_half-0aa7055fe62c3622faec82866afbaeb2 av_one_half  avia-builder-el-6  el_after_av_one_half  avia-builder-el-last  flex_column_div av-zero-column-padding  '     ><p>\n<style type=\"text\/css\" data-created_by=\"avia_inline_auto\" id=\"style-css-av-av_heading-a14cb4b3ec8276b766ec2ff88202752b\">\n#top .av-special-heading.av-av_heading-a14cb4b3ec8276b766ec2ff88202752b{\npadding-bottom:10px;\n}\nbody .av-special-heading.av-av_heading-a14cb4b3ec8276b766ec2ff88202752b .av-special-heading-tag .heading-char{\nfont-size:25px;\n}\n.av-special-heading.av-av_heading-a14cb4b3ec8276b766ec2ff88202752b .av-subheading{\nfont-size:15px;\n}\n<\/style>\n<div  class='av-special-heading av-av_heading-a14cb4b3ec8276b766ec2ff88202752b av-special-heading-h2  avia-builder-el-7  el_before_av_textblock  avia-builder-el-first  av-thin-font'><h2 class='av-special-heading-tag '  itemprop=\"headline\"  >Commandez par <strong>T\u00e9l\u00e9phone <\/strong><\/h2><div class=\"special-heading-border\"><div class=\"special-heading-inner-border\"><\/div><\/div><\/div><br \/>\n<section  class='av_textblock_section av-av_textblock-396ddf1f42196ca838231e61a4602801 '   itemscope=\"itemscope\" itemtype=\"https:\/\/schema.org\/CreativeWork\" ><div class='avia_textblock'  itemprop=\"text\" ><p>Vous pr\u00e9f\u00e9rez faire votre r\u00e9servation par t\u00e9l\u00e9phone?\u00a0<strong><span lang=\"fr\">Appelez-nous!\u00a0<\/span><\/strong><span lang=\"fr\">Notre num\u00e9ro de t\u00e9l\u00e9phone est (514) 421-3666<\/span><\/p>\n<\/div><\/section><br \/>\n\n<style type=\"text\/css\" data-created_by=\"avia_inline_auto\" id=\"style-css-av-av_image-73c23c089fded05f780a4d58a0348aa3\">\n.avia-image-container.av-av_image-73c23c089fded05f780a4d58a0348aa3 img.avia_image{\nbox-shadow:none;\n}\n.avia-image-container.av-av_image-73c23c089fded05f780a4d58a0348aa3 .av-image-caption-overlay-center{\ncolor:#ffffff;\n}\n<\/style>\n<div  class='avia-image-container av-av_image-73c23c089fded05f780a4d58a0348aa3 av-styling- avia-align-center  avia-builder-el-9  el_after_av_textblock  avia-builder-el-last '   itemprop=\"image\" itemscope=\"itemscope\" itemtype=\"https:\/\/schema.org\/ImageObject\" ><div class=\"avia-image-container-inner\"><div class=\"avia-image-overlay-wrap\"><img decoding=\"async\" fetchpriority=\"high\" class='wp-image-3288 avia-img-lazy-loading-not-3288 avia_image ' src=\"https:\/\/i0.wp.com\/chateaukababwestisland.ca\/wp-content\/uploads\/2014\/07\/DSC_0011.jpg?fit=1030%2C1003&ssl=1\" alt='' title='DSC_0011'  height=\"1003\" width=\"1030\"  itemprop=\"thumbnailUrl\" srcset=\"https:\/\/i0.wp.com\/chateaukababwestisland.ca\/wp-content\/uploads\/2014\/07\/DSC_0011.jpg?w=1289&amp;ssl=1 1289w, https:\/\/i0.wp.com\/chateaukababwestisland.ca\/wp-content\/uploads\/2014\/07\/DSC_0011.jpg?resize=600%2C584&amp;ssl=1 600w, https:\/\/i0.wp.com\/chateaukababwestisland.ca\/wp-content\/uploads\/2014\/07\/DSC_0011.jpg?resize=300%2C292&amp;ssl=1 300w, https:\/\/i0.wp.com\/chateaukababwestisland.ca\/wp-content\/uploads\/2014\/07\/DSC_0011.jpg?resize=768%2C748&amp;ssl=1 768w, https:\/\/i0.wp.com\/chateaukababwestisland.ca\/wp-content\/uploads\/2014\/07\/DSC_0011.jpg?resize=1030%2C1003&amp;ssl=1 1030w, https:\/\/i0.wp.com\/chateaukababwestisland.ca\/wp-content\/uploads\/2014\/07\/DSC_0011.jpg?resize=36%2C36&amp;ssl=1 36w, https:\/\/i0.wp.com\/chateaukababwestisland.ca\/wp-content\/uploads\/2014\/07\/DSC_0011.jpg?resize=705%2C686&amp;ssl=1 705w\" sizes=\"(max-width: 1030px) 100vw, 1030px\" \/><\/div><\/div><\/div><\/p><\/div><\/p>\n","protected":false},"excerpt":{"rendered":"","protected":false},"author":2,"featured_media":0,"parent":0,"menu_order":15,"comment_status":"closed","ping_status":"closed","template":"","meta":{"_monsterinsights_skip_tracking":false,"_monsterinsights_sitenote_active":false,"_monsterinsights_sitenote_note":"","_monsterinsights_sitenote_category":0,"footnotes":""},"class_list":["post-1869","page","type-page","status-publish","hentry"],"yoast_head":"<!-- This site is optimized with the Yoast SEO Premium plugin v27.0 (Yoast SEO v27.0) - https:\/\/yoast.com\/product\/yoast-seo-premium-wordpress\/ -->\n<title>Reserve - Chateau Kabab West Island<\/title>\n<meta name=\"robots\" content=\"index, follow, max-snippet:-1, max-image-preview:large, max-video-preview:-1\" \/>\n<link rel=\"canonical\" href=\"https:\/\/chateaukababwestisland.ca\/fr\/reserve\/\" \/>\n<meta property=\"og:locale\" content=\"fr_CA\" \/>\n<meta property=\"og:type\" content=\"article\" \/>\n<meta property=\"og:title\" content=\"Reserve\" \/>\n<meta property=\"og:url\" content=\"https:\/\/chateaukababwestisland.ca\/fr\/reserve\/\" \/>\n<meta property=\"og:site_name\" content=\"Chateau Kabab West Island\" \/>\n<meta property=\"article:publisher\" content=\"https:\/\/www.facebook.com\/chateaukababwestisland.ca\/\" \/>\n<meta property=\"article:modified_time\" content=\"2017-11-18T18:24:35+00:00\" \/>\n<meta name=\"twitter:card\" content=\"summary_large_image\" \/>\n<meta name=\"twitter:label1\" content=\"Estimation du temps de lecture\" \/>\n\t<meta name=\"twitter:data1\" content=\"2 minutes\" \/>\n<script type=\"application\/ld+json\" class=\"yoast-schema-graph\">{\"@context\":\"https:\/\/schema.org\",\"@graph\":[{\"@type\":\"WebPage\",\"@id\":\"https:\/\/chateaukababwestisland.ca\/fr\/reserve\/\",\"url\":\"https:\/\/chateaukababwestisland.ca\/fr\/reserve\/\",\"name\":\"Reserve - Chateau Kabab West Island\",\"isPartOf\":{\"@id\":\"https:\/\/chateaukababwestisland.ca\/fr\/#website\"},\"datePublished\":\"2017-11-18T05:36:46+00:00\",\"dateModified\":\"2017-11-18T18:24:35+00:00\",\"breadcrumb\":{\"@id\":\"https:\/\/chateaukababwestisland.ca\/fr\/reserve\/#breadcrumb\"},\"inLanguage\":\"fr-CA\",\"potentialAction\":[{\"@type\":\"ReadAction\",\"target\":[\"https:\/\/chateaukababwestisland.ca\/fr\/reserve\/\"]}]},{\"@type\":\"BreadcrumbList\",\"@id\":\"https:\/\/chateaukababwestisland.ca\/fr\/reserve\/#breadcrumb\",\"itemListElement\":[{\"@type\":\"ListItem\",\"position\":1,\"name\":\"Home\",\"item\":\"https:\/\/chateaukababwestisland.ca\/fr\/\"},{\"@type\":\"ListItem\",\"position\":2,\"name\":\"Reserve\"}]},{\"@type\":\"WebSite\",\"@id\":\"https:\/\/chateaukababwestisland.ca\/fr\/#website\",\"url\":\"https:\/\/chateaukababwestisland.ca\/fr\/\",\"name\":\"Chateau Kabab West Island\",\"description\":\"Montreal Persian and Iraqi Cuisine\",\"publisher\":{\"@id\":\"https:\/\/chateaukababwestisland.ca\/fr\/#organization\"},\"potentialAction\":[{\"@type\":\"SearchAction\",\"target\":{\"@type\":\"EntryPoint\",\"urlTemplate\":\"https:\/\/chateaukababwestisland.ca\/fr\/?s={search_term_string}\"},\"query-input\":{\"@type\":\"PropertyValueSpecification\",\"valueRequired\":true,\"valueName\":\"search_term_string\"}}],\"inLanguage\":\"fr-CA\"},{\"@type\":\"Organization\",\"@id\":\"https:\/\/chateaukababwestisland.ca\/fr\/#organization\",\"name\":\"Chateau Kabab West Island\",\"url\":\"https:\/\/chateaukababwestisland.ca\/fr\/\",\"logo\":{\"@type\":\"ImageObject\",\"inLanguage\":\"fr-CA\",\"@id\":\"https:\/\/chateaukababwestisland.ca\/fr\/#\/schema\/logo\/image\/\",\"url\":\"https:\/\/i0.wp.com\/chateaukababwestisland.ca\/wp-content\/uploads\/2017\/05\/ChateauKabab-Logo_black.png?fit=340%2C117&ssl=1\",\"contentUrl\":\"https:\/\/i0.wp.com\/chateaukababwestisland.ca\/wp-content\/uploads\/2017\/05\/ChateauKabab-Logo_black.png?fit=340%2C117&ssl=1\",\"width\":340,\"height\":117,\"caption\":\"Chateau Kabab West Island\"},\"image\":{\"@id\":\"https:\/\/chateaukababwestisland.ca\/fr\/#\/schema\/logo\/image\/\"},\"sameAs\":[\"https:\/\/www.facebook.com\/chateaukababwestisland.ca\/\",\"https:\/\/www.instagram.com\/chateaukababwestisland\/?hl=en\",\"https:\/\/www.linkedin.com\/company\/11179690\/\",\"https:\/\/www.youtube.com\/channel\/UCvih_J7Nmwcbe-5NRGYhjIw\"]}]}<\/script>\n<!-- \/ Yoast SEO Premium plugin. -->","yoast_head_json":{"title":"Reserve - Chateau Kabab West Island","robots":{"index":"index","follow":"follow","max-snippet":"max-snippet:-1","max-image-preview":"max-image-preview:large","max-video-preview":"max-video-preview:-1"},"canonical":"https:\/\/chateaukababwestisland.ca\/fr\/reserve\/","og_locale":"fr_CA","og_type":"article","og_title":"Reserve","og_url":"https:\/\/chateaukababwestisland.ca\/fr\/reserve\/","og_site_name":"Chateau Kabab West Island","article_publisher":"https:\/\/www.facebook.com\/chateaukababwestisland.ca\/","article_modified_time":"2017-11-18T18:24:35+00:00","twitter_card":"summary_large_image","twitter_misc":{"Estimation du temps de lecture":"2 minutes"},"schema":{"@context":"https:\/\/schema.org","@graph":[{"@type":"WebPage","@id":"https:\/\/chateaukababwestisland.ca\/fr\/reserve\/","url":"https:\/\/chateaukababwestisland.ca\/fr\/reserve\/","name":"Reserve - Chateau Kabab West Island","isPartOf":{"@id":"https:\/\/chateaukababwestisland.ca\/fr\/#website"},"datePublished":"2017-11-18T05:36:46+00:00","dateModified":"2017-11-18T18:24:35+00:00","breadcrumb":{"@id":"https:\/\/chateaukababwestisland.ca\/fr\/reserve\/#breadcrumb"},"inLanguage":"fr-CA","potentialAction":[{"@type":"ReadAction","target":["https:\/\/chateaukababwestisland.ca\/fr\/reserve\/"]}]},{"@type":"BreadcrumbList","@id":"https:\/\/chateaukababwestisland.ca\/fr\/reserve\/#breadcrumb","itemListElement":[{"@type":"ListItem","position":1,"name":"Home","item":"https:\/\/chateaukababwestisland.ca\/fr\/"},{"@type":"ListItem","position":2,"name":"Reserve"}]},{"@type":"WebSite","@id":"https:\/\/chateaukababwestisland.ca\/fr\/#website","url":"https:\/\/chateaukababwestisland.ca\/fr\/","name":"Chateau Kabab West Island","description":"Montreal Persian and Iraqi Cuisine","publisher":{"@id":"https:\/\/chateaukababwestisland.ca\/fr\/#organization"},"potentialAction":[{"@type":"SearchAction","target":{"@type":"EntryPoint","urlTemplate":"https:\/\/chateaukababwestisland.ca\/fr\/?s={search_term_string}"},"query-input":{"@type":"PropertyValueSpecification","valueRequired":true,"valueName":"search_term_string"}}],"inLanguage":"fr-CA"},{"@type":"Organization","@id":"https:\/\/chateaukababwestisland.ca\/fr\/#organization","name":"Chateau Kabab West Island","url":"https:\/\/chateaukababwestisland.ca\/fr\/","logo":{"@type":"ImageObject","inLanguage":"fr-CA","@id":"https:\/\/chateaukababwestisland.ca\/fr\/#\/schema\/logo\/image\/","url":"https:\/\/i0.wp.com\/chateaukababwestisland.ca\/wp-content\/uploads\/2017\/05\/ChateauKabab-Logo_black.png?fit=340%2C117&ssl=1","contentUrl":"https:\/\/i0.wp.com\/chateaukababwestisland.ca\/wp-content\/uploads\/2017\/05\/ChateauKabab-Logo_black.png?fit=340%2C117&ssl=1","width":340,"height":117,"caption":"Chateau Kabab West Island"},"image":{"@id":"https:\/\/chateaukababwestisland.ca\/fr\/#\/schema\/logo\/image\/"},"sameAs":["https:\/\/www.facebook.com\/chateaukababwestisland.ca\/","https:\/\/www.instagram.com\/chateaukababwestisland\/?hl=en","https:\/\/www.linkedin.com\/company\/11179690\/","https:\/\/www.youtube.com\/channel\/UCvih_J7Nmwcbe-5NRGYhjIw"]}]}},"jetpack_sharing_enabled":true,"_links":{"self":[{"href":"https:\/\/chateaukababwestisland.ca\/fr\/wp-json\/wp\/v2\/pages\/1869","targetHints":{"allow":["GET"]}}],"collection":[{"href":"https:\/\/chateaukababwestisland.ca\/fr\/wp-json\/wp\/v2\/pages"}],"about":[{"href":"https:\/\/chateaukababwestisland.ca\/fr\/wp-json\/wp\/v2\/types\/page"}],"author":[{"embeddable":true,"href":"https:\/\/chateaukababwestisland.ca\/fr\/wp-json\/wp\/v2\/users\/2"}],"replies":[{"embeddable":true,"href":"https:\/\/chateaukababwestisland.ca\/fr\/wp-json\/wp\/v2\/comments?post=1869"}],"version-history":[{"count":0,"href":"https:\/\/chateaukababwestisland.ca\/fr\/wp-json\/wp\/v2\/pages\/1869\/revisions"}],"wp:attachment":[{"href":"https:\/\/chateaukababwestisland.ca\/fr\/wp-json\/wp\/v2\/media?parent=1869"}],"curies":[{"name":"wp","href":"https:\/\/api.w.org\/{rel}","templated":true}]}}