{"id":2967,"date":"2018-06-19T22:40:37","date_gmt":"2018-06-20T02:40:37","guid":{"rendered":"https:\/\/www.chateaukababwestisland.ca\/?post_type=product&#038;p=2967"},"modified":"2024-03-06T08:43:58","modified_gmt":"2024-03-06T13:43:58","slug":"22-baghali-polo","status":"publish","type":"product","link":"https:\/\/chateaukababwestisland.ca\/fr\/shop\/les-plats-du-jour\/22-baghali-polo\/","title":{"rendered":"22. Baghali Polo"},"content":{"rendered":"<p>Angeau cuit dans une sauce de tomate, servi avec riz basmati, m\u00e9lang\u00e9 avec aneth et f\u00e9ves vertes.<\/p>\n<p>Lamp shank cooked with tomato sauce, served with rice mixed with dill weed and fava beans.<\/p>\n","protected":false},"excerpt":{"rendered":"<p>Angeau cuit dans une sauce de tomate, servi avec riz basmati, m\u00e9lang\u00e9 avec aneth et f\u00e9ves vertes. Lamp shank cooked with tomato sauce, served with rice mixed with dill weed and fava beans.<\/p>\n","protected":false},"featured_media":893,"template":"","meta":{"_monsterinsights_skip_tracking":false,"_monsterinsights_sitenote_active":false,"_monsterinsights_sitenote_note":"","_monsterinsights_sitenote_category":0},"product_brand":[],"product_cat":[61],"product_tag":[],"class_list":{"0":"post-2967","1":"product","2":"type-product","3":"status-publish","4":"has-post-thumbnail","6":"product_cat-dishes-of-the-day","7":"product_shipping_class-order-minimum-for-shipping","9":"first","10":"instock","11":"taxable","12":"shipping-taxable","13":"purchasable","14":"product-type-variable"},"yoast_head":"<!-- This site is optimized with the Yoast SEO Premium plugin v27.0 (Yoast SEO v27.0) - https:\/\/yoast.com\/product\/yoast-seo-premium-wordpress\/ -->\n<title>22. Baghali Polo - Chateau Kabab West Island<\/title>\n<meta name=\"robots\" content=\"index, follow, max-snippet:-1, max-image-preview:large, max-video-preview:-1\" \/>\n<link rel=\"canonical\" href=\"https:\/\/chateaukababwestisland.ca\/fr\/shop\/les-plats-du-jour\/22-baghali-polo\/\" \/>\n<meta property=\"og:locale\" content=\"fr_CA\" \/>\n<meta property=\"og:type\" content=\"article\" \/>\n<meta property=\"og:title\" content=\"22. Baghali Polo\" \/>\n<meta property=\"og:description\" content=\"Angeau cuit dans une sauce de tomate, servi avec riz basmati, m\u00e9lang\u00e9 avec aneth et f\u00e9ves vertes. Lamp shank cooked with tomato sauce, served with rice mixed with dill weed and fava beans.\" \/>\n<meta property=\"og:url\" content=\"https:\/\/chateaukababwestisland.ca\/fr\/shop\/les-plats-du-jour\/22-baghali-polo\/\" \/>\n<meta property=\"og:site_name\" content=\"Chateau Kabab West Island\" \/>\n<meta property=\"article:publisher\" content=\"https:\/\/www.facebook.com\/chateaukababwestisland.ca\/\" \/>\n<meta property=\"article:modified_time\" content=\"2024-03-06T13:43:58+00:00\" \/>\n<meta property=\"og:image\" content=\"https:\/\/i0.wp.com\/chateaukababwestisland.ca\/wp-content\/uploads\/2017\/05\/west-island_baghali-polo.jpg?fit=854%2C418&ssl=1\" \/>\n\t<meta property=\"og:image:width\" content=\"854\" \/>\n\t<meta property=\"og:image:height\" content=\"418\" \/>\n\t<meta property=\"og:image:type\" content=\"image\/jpeg\" \/>\n<meta name=\"twitter:card\" content=\"summary_large_image\" \/>\n<meta name=\"twitter:label1\" content=\"Availability\" \/>\n\t<meta name=\"twitter:data1\" content=\"In stock\" \/>\n<script type=\"application\/ld+json\" class=\"yoast-schema-graph\">{\"@context\":\"https:\/\/schema.org\",\"@graph\":[{\"@type\":\"WebPage\",\"@id\":\"https:\/\/chateaukababwestisland.ca\/fr\/shop\/les-plats-du-jour\/22-baghali-polo\/\",\"url\":\"https:\/\/chateaukababwestisland.ca\/fr\/shop\/les-plats-du-jour\/22-baghali-polo\/\",\"name\":\"22. Baghali Polo - Chateau Kabab West Island\",\"isPartOf\":{\"@id\":\"https:\/\/chateaukababwestisland.ca\/fr\/#website\"},\"primaryImageOfPage\":{\"@id\":\"https:\/\/chateaukababwestisland.ca\/fr\/shop\/les-plats-du-jour\/22-baghali-polo\/#primaryimage\"},\"image\":{\"@id\":\"https:\/\/chateaukababwestisland.ca\/fr\/shop\/les-plats-du-jour\/22-baghali-polo\/#primaryimage\"},\"thumbnailUrl\":\"https:\/\/i0.wp.com\/chateaukababwestisland.ca\/wp-content\/uploads\/2017\/05\/west-island_baghali-polo.jpg?fit=854%2C418&ssl=1\",\"datePublished\":\"2018-06-20T02:40:37+00:00\",\"dateModified\":\"2024-03-06T13:43:58+00:00\",\"breadcrumb\":{\"@id\":\"https:\/\/chateaukababwestisland.ca\/fr\/shop\/les-plats-du-jour\/22-baghali-polo\/#breadcrumb\"},\"inLanguage\":\"fr-CA\",\"potentialAction\":[{\"@type\":\"ReadAction\",\"target\":[\"https:\/\/chateaukababwestisland.ca\/fr\/shop\/les-plats-du-jour\/22-baghali-polo\/\"]}]},{\"@type\":\"ImageObject\",\"inLanguage\":\"fr-CA\",\"@id\":\"https:\/\/chateaukababwestisland.ca\/fr\/shop\/les-plats-du-jour\/22-baghali-polo\/#primaryimage\",\"url\":\"https:\/\/i0.wp.com\/chateaukababwestisland.ca\/wp-content\/uploads\/2017\/05\/west-island_baghali-polo.jpg?fit=854%2C418&ssl=1\",\"contentUrl\":\"https:\/\/i0.wp.com\/chateaukababwestisland.ca\/wp-content\/uploads\/2017\/05\/west-island_baghali-polo.jpg?fit=854%2C418&ssl=1\",\"width\":854,\"height\":418},{\"@type\":\"BreadcrumbList\",\"@id\":\"https:\/\/chateaukababwestisland.ca\/fr\/shop\/les-plats-du-jour\/22-baghali-polo\/#breadcrumb\",\"itemListElement\":[{\"@type\":\"ListItem\",\"position\":1,\"name\":\"Home\",\"item\":\"https:\/\/chateaukababwestisland.ca\/fr\/\"},{\"@type\":\"ListItem\",\"position\":2,\"name\":\"Shop\",\"item\":\"https:\/\/chateaukababwestisland.ca\/fr\/shop\/\"},{\"@type\":\"ListItem\",\"position\":3,\"name\":\"22. Baghali Polo\"}]},{\"@type\":\"WebSite\",\"@id\":\"https:\/\/chateaukababwestisland.ca\/fr\/#website\",\"url\":\"https:\/\/chateaukababwestisland.ca\/fr\/\",\"name\":\"Chateau Kabab West Island\",\"description\":\"Montreal Persian and Iraqi Cuisine\",\"publisher\":{\"@id\":\"https:\/\/chateaukababwestisland.ca\/fr\/#organization\"},\"potentialAction\":[{\"@type\":\"SearchAction\",\"target\":{\"@type\":\"EntryPoint\",\"urlTemplate\":\"https:\/\/chateaukababwestisland.ca\/fr\/?s={search_term_string}\"},\"query-input\":{\"@type\":\"PropertyValueSpecification\",\"valueRequired\":true,\"valueName\":\"search_term_string\"}}],\"inLanguage\":\"fr-CA\"},{\"@type\":\"Organization\",\"@id\":\"https:\/\/chateaukababwestisland.ca\/fr\/#organization\",\"name\":\"Chateau Kabab West Island\",\"url\":\"https:\/\/chateaukababwestisland.ca\/fr\/\",\"logo\":{\"@type\":\"ImageObject\",\"inLanguage\":\"fr-CA\",\"@id\":\"https:\/\/chateaukababwestisland.ca\/fr\/#\/schema\/logo\/image\/\",\"url\":\"https:\/\/i0.wp.com\/chateaukababwestisland.ca\/wp-content\/uploads\/2017\/05\/ChateauKabab-Logo_black.png?fit=340%2C117&ssl=1\",\"contentUrl\":\"https:\/\/i0.wp.com\/chateaukababwestisland.ca\/wp-content\/uploads\/2017\/05\/ChateauKabab-Logo_black.png?fit=340%2C117&ssl=1\",\"width\":340,\"height\":117,\"caption\":\"Chateau Kabab West Island\"},\"image\":{\"@id\":\"https:\/\/chateaukababwestisland.ca\/fr\/#\/schema\/logo\/image\/\"},\"sameAs\":[\"https:\/\/www.facebook.com\/chateaukababwestisland.ca\/\",\"https:\/\/www.instagram.com\/chateaukababwestisland\/?hl=en\",\"https:\/\/www.linkedin.com\/company\/11179690\/\",\"https:\/\/www.youtube.com\/channel\/UCvih_J7Nmwcbe-5NRGYhjIw\"]}]}<\/script>\n<meta property=\"og:availability\" content=\"instock\" \/>\n<meta property=\"product:availability\" content=\"instock\" \/>\n<meta property=\"product:condition\" content=\"new\" \/>\n<!-- \/ Yoast SEO Premium plugin. -->","yoast_head_json":{"title":"22. Baghali Polo - Chateau Kabab West Island","robots":{"index":"index","follow":"follow","max-snippet":"max-snippet:-1","max-image-preview":"max-image-preview:large","max-video-preview":"max-video-preview:-1"},"canonical":"https:\/\/chateaukababwestisland.ca\/fr\/shop\/les-plats-du-jour\/22-baghali-polo\/","og_locale":"fr_CA","og_type":"article","og_title":"22. Baghali Polo","og_description":"Angeau cuit dans une sauce de tomate, servi avec riz basmati, m\u00e9lang\u00e9 avec aneth et f\u00e9ves vertes. Lamp shank cooked with tomato sauce, served with rice mixed with dill weed and fava beans.","og_url":"https:\/\/chateaukababwestisland.ca\/fr\/shop\/les-plats-du-jour\/22-baghali-polo\/","og_site_name":"Chateau Kabab West Island","article_publisher":"https:\/\/www.facebook.com\/chateaukababwestisland.ca\/","article_modified_time":"2024-03-06T13:43:58+00:00","og_image":[{"width":854,"height":418,"url":"https:\/\/i0.wp.com\/chateaukababwestisland.ca\/wp-content\/uploads\/2017\/05\/west-island_baghali-polo.jpg?fit=854%2C418&ssl=1","type":"image\/jpeg"}],"twitter_card":"summary_large_image","twitter_misc":{"Availability":"In stock"},"schema":{"@context":"https:\/\/schema.org","@graph":[{"@type":"WebPage","@id":"https:\/\/chateaukababwestisland.ca\/fr\/shop\/les-plats-du-jour\/22-baghali-polo\/","url":"https:\/\/chateaukababwestisland.ca\/fr\/shop\/les-plats-du-jour\/22-baghali-polo\/","name":"22. Baghali Polo - Chateau Kabab West Island","isPartOf":{"@id":"https:\/\/chateaukababwestisland.ca\/fr\/#website"},"primaryImageOfPage":{"@id":"https:\/\/chateaukababwestisland.ca\/fr\/shop\/les-plats-du-jour\/22-baghali-polo\/#primaryimage"},"image":{"@id":"https:\/\/chateaukababwestisland.ca\/fr\/shop\/les-plats-du-jour\/22-baghali-polo\/#primaryimage"},"thumbnailUrl":"https:\/\/i0.wp.com\/chateaukababwestisland.ca\/wp-content\/uploads\/2017\/05\/west-island_baghali-polo.jpg?fit=854%2C418&ssl=1","datePublished":"2018-06-20T02:40:37+00:00","dateModified":"2024-03-06T13:43:58+00:00","breadcrumb":{"@id":"https:\/\/chateaukababwestisland.ca\/fr\/shop\/les-plats-du-jour\/22-baghali-polo\/#breadcrumb"},"inLanguage":"fr-CA","potentialAction":[{"@type":"ReadAction","target":["https:\/\/chateaukababwestisland.ca\/fr\/shop\/les-plats-du-jour\/22-baghali-polo\/"]}]},{"@type":"ImageObject","inLanguage":"fr-CA","@id":"https:\/\/chateaukababwestisland.ca\/fr\/shop\/les-plats-du-jour\/22-baghali-polo\/#primaryimage","url":"https:\/\/i0.wp.com\/chateaukababwestisland.ca\/wp-content\/uploads\/2017\/05\/west-island_baghali-polo.jpg?fit=854%2C418&ssl=1","contentUrl":"https:\/\/i0.wp.com\/chateaukababwestisland.ca\/wp-content\/uploads\/2017\/05\/west-island_baghali-polo.jpg?fit=854%2C418&ssl=1","width":854,"height":418},{"@type":"BreadcrumbList","@id":"https:\/\/chateaukababwestisland.ca\/fr\/shop\/les-plats-du-jour\/22-baghali-polo\/#breadcrumb","itemListElement":[{"@type":"ListItem","position":1,"name":"Home","item":"https:\/\/chateaukababwestisland.ca\/fr\/"},{"@type":"ListItem","position":2,"name":"Shop","item":"https:\/\/chateaukababwestisland.ca\/fr\/shop\/"},{"@type":"ListItem","position":3,"name":"22. Baghali Polo"}]},{"@type":"WebSite","@id":"https:\/\/chateaukababwestisland.ca\/fr\/#website","url":"https:\/\/chateaukababwestisland.ca\/fr\/","name":"Chateau Kabab West Island","description":"Montreal Persian and Iraqi Cuisine","publisher":{"@id":"https:\/\/chateaukababwestisland.ca\/fr\/#organization"},"potentialAction":[{"@type":"SearchAction","target":{"@type":"EntryPoint","urlTemplate":"https:\/\/chateaukababwestisland.ca\/fr\/?s={search_term_string}"},"query-input":{"@type":"PropertyValueSpecification","valueRequired":true,"valueName":"search_term_string"}}],"inLanguage":"fr-CA"},{"@type":"Organization","@id":"https:\/\/chateaukababwestisland.ca\/fr\/#organization","name":"Chateau Kabab West Island","url":"https:\/\/chateaukababwestisland.ca\/fr\/","logo":{"@type":"ImageObject","inLanguage":"fr-CA","@id":"https:\/\/chateaukababwestisland.ca\/fr\/#\/schema\/logo\/image\/","url":"https:\/\/i0.wp.com\/chateaukababwestisland.ca\/wp-content\/uploads\/2017\/05\/ChateauKabab-Logo_black.png?fit=340%2C117&ssl=1","contentUrl":"https:\/\/i0.wp.com\/chateaukababwestisland.ca\/wp-content\/uploads\/2017\/05\/ChateauKabab-Logo_black.png?fit=340%2C117&ssl=1","width":340,"height":117,"caption":"Chateau Kabab West Island"},"image":{"@id":"https:\/\/chateaukababwestisland.ca\/fr\/#\/schema\/logo\/image\/"},"sameAs":["https:\/\/www.facebook.com\/chateaukababwestisland.ca\/","https:\/\/www.instagram.com\/chateaukababwestisland\/?hl=en","https:\/\/www.linkedin.com\/company\/11179690\/","https:\/\/www.youtube.com\/channel\/UCvih_J7Nmwcbe-5NRGYhjIw"]}]},"og_availability":"instock","product_availability":"instock","product_condition":"new"},"jetpack_sharing_enabled":true,"_links":{"self":[{"href":"https:\/\/chateaukababwestisland.ca\/fr\/wp-json\/wp\/v2\/product\/2967","targetHints":{"allow":["GET"]}}],"collection":[{"href":"https:\/\/chateaukababwestisland.ca\/fr\/wp-json\/wp\/v2\/product"}],"about":[{"href":"https:\/\/chateaukababwestisland.ca\/fr\/wp-json\/wp\/v2\/types\/product"}],"wp:featuredmedia":[{"embeddable":true,"href":"https:\/\/chateaukababwestisland.ca\/fr\/wp-json\/wp\/v2\/media\/893"}],"wp:attachment":[{"href":"https:\/\/chateaukababwestisland.ca\/fr\/wp-json\/wp\/v2\/media?parent=2967"}],"wp:term":[{"taxonomy":"product_brand","embeddable":true,"href":"https:\/\/chateaukababwestisland.ca\/fr\/wp-json\/wp\/v2\/product_brand?post=2967"},{"taxonomy":"product_cat","embeddable":true,"href":"https:\/\/chateaukababwestisland.ca\/fr\/wp-json\/wp\/v2\/product_cat?post=2967"},{"taxonomy":"product_tag","embeddable":true,"href":"https:\/\/chateaukababwestisland.ca\/fr\/wp-json\/wp\/v2\/product_tag?post=2967"}],"curies":[{"name":"wp","href":"https:\/\/api.w.org\/{rel}","templated":true}]}}