{"id":3022,"date":"2018-06-28T00:36:16","date_gmt":"2018-06-28T04:36:16","guid":{"rendered":"https:\/\/www.chateaukababwestisland.ca\/?post_type=product&#038;p=3022"},"modified":"2024-03-06T08:28:46","modified_gmt":"2024-03-06T13:28:46","slug":"47-saumon-grillee-grilled-salmon","status":"publish","type":"product","link":"https:\/\/chateaukababwestisland.ca\/fr\/shop\/assiettes-des-fruit-du-mer\/47-saumon-grillee-grilled-salmon\/","title":{"rendered":"47. Saumon Grill\u00e9e \/ Grilled Salmon"},"content":{"rendered":"<p>Go\u00fbtez notre d\u00e9licieux saumon frais marin\u00e9, grill\u00e9 sur charbon, accompag\u00e9 de riz et de sauce.<\/p>\n<p>Taste our delicious fresh salmon, marinated, grilled on charcoal, served with rice &amp; salmon sauce.<\/p>\n","protected":false},"excerpt":{"rendered":"<p>Go\u00fbtez notre d\u00e9licieux saumon frais marin\u00e9, grill\u00e9 sur charbon, accompag\u00e9 de riz et de sauce. Taste our delicious fresh salmon, marinated, grilled on charcoal, served with rice &amp; salmon sauce.<\/p>\n","protected":false},"featured_media":5048,"template":"","meta":{"_monsterinsights_skip_tracking":false,"_monsterinsights_sitenote_active":false,"_monsterinsights_sitenote_note":"","_monsterinsights_sitenote_category":0},"product_brand":[],"product_cat":[64],"product_tag":[],"class_list":{"0":"post-3022","1":"product","2":"type-product","3":"status-publish","4":"has-post-thumbnail","6":"product_cat-sea-food-dishes","7":"product_shipping_class-order-minimum-for-shipping","9":"first","10":"instock","11":"taxable","12":"shipping-taxable","13":"purchasable","14":"product-type-simple"},"yoast_head":"<!-- This site is optimized with the Yoast SEO Premium plugin v27.0 (Yoast SEO v27.0) - https:\/\/yoast.com\/product\/yoast-seo-premium-wordpress\/ -->\n<title>47. Saumon Grill\u00e9e \/ Grilled Salmon - Chateau Kabab West Island<\/title>\n<meta name=\"robots\" content=\"index, follow, max-snippet:-1, max-image-preview:large, max-video-preview:-1\" \/>\n<link rel=\"canonical\" href=\"https:\/\/chateaukababwestisland.ca\/fr\/shop\/assiettes-des-fruit-du-mer\/47-saumon-grillee-grilled-salmon\/\" \/>\n<meta property=\"og:locale\" content=\"fr_CA\" \/>\n<meta property=\"og:type\" content=\"article\" \/>\n<meta property=\"og:title\" content=\"47. Saumon Grill\u00e9e \/ Grilled Salmon\" \/>\n<meta property=\"og:description\" content=\"Go\u00fbtez notre d\u00e9licieux saumon frais marin\u00e9, grill\u00e9 sur charbon, accompag\u00e9 de riz et de sauce. Taste our delicious fresh salmon, marinated, grilled on charcoal, served with rice &amp; salmon sauce.\" \/>\n<meta property=\"og:url\" content=\"https:\/\/chateaukababwestisland.ca\/fr\/shop\/assiettes-des-fruit-du-mer\/47-saumon-grillee-grilled-salmon\/\" \/>\n<meta property=\"og:site_name\" content=\"Chateau Kabab West Island\" \/>\n<meta property=\"article:publisher\" content=\"https:\/\/www.facebook.com\/chateaukababwestisland.ca\/\" \/>\n<meta property=\"article:modified_time\" content=\"2024-03-06T13:28:46+00:00\" \/>\n<meta property=\"og:image\" content=\"https:\/\/i0.wp.com\/chateaukababwestisland.ca\/wp-content\/uploads\/2020\/11\/47-Saumon-Grillee.png?fit=536%2C480&ssl=1\" \/>\n\t<meta property=\"og:image:width\" content=\"536\" \/>\n\t<meta property=\"og:image:height\" content=\"480\" \/>\n\t<meta property=\"og:image:type\" content=\"image\/png\" \/>\n<meta name=\"twitter:card\" content=\"summary_large_image\" \/>\n<meta name=\"twitter:label1\" content=\"Price\" \/>\n\t<meta name=\"twitter:data1\" content=\"&#036;27.95&nbsp;CAD\" \/>\n\t<meta name=\"twitter:label2\" content=\"Availability\" \/>\n\t<meta name=\"twitter:data2\" content=\"In stock\" \/>\n<script type=\"application\/ld+json\" class=\"yoast-schema-graph\">{\"@context\":\"https:\/\/schema.org\",\"@graph\":[{\"@type\":\"WebPage\",\"@id\":\"https:\/\/chateaukababwestisland.ca\/fr\/shop\/assiettes-des-fruit-du-mer\/47-saumon-grillee-grilled-salmon\/\",\"url\":\"https:\/\/chateaukababwestisland.ca\/fr\/shop\/assiettes-des-fruit-du-mer\/47-saumon-grillee-grilled-salmon\/\",\"name\":\"47. Saumon Grill\u00e9e \/ Grilled Salmon - Chateau Kabab West Island\",\"isPartOf\":{\"@id\":\"https:\/\/chateaukababwestisland.ca\/fr\/#website\"},\"primaryImageOfPage\":{\"@id\":\"https:\/\/chateaukababwestisland.ca\/fr\/shop\/assiettes-des-fruit-du-mer\/47-saumon-grillee-grilled-salmon\/#primaryimage\"},\"image\":{\"@id\":\"https:\/\/chateaukababwestisland.ca\/fr\/shop\/assiettes-des-fruit-du-mer\/47-saumon-grillee-grilled-salmon\/#primaryimage\"},\"thumbnailUrl\":\"https:\/\/i0.wp.com\/chateaukababwestisland.ca\/wp-content\/uploads\/2020\/11\/47-Saumon-Grillee.png?fit=536%2C480&ssl=1\",\"datePublished\":\"2018-06-28T04:36:16+00:00\",\"dateModified\":\"2024-03-06T13:28:46+00:00\",\"breadcrumb\":{\"@id\":\"https:\/\/chateaukababwestisland.ca\/fr\/shop\/assiettes-des-fruit-du-mer\/47-saumon-grillee-grilled-salmon\/#breadcrumb\"},\"inLanguage\":\"fr-CA\",\"potentialAction\":[{\"@type\":\"ReadAction\",\"target\":[\"https:\/\/chateaukababwestisland.ca\/fr\/shop\/assiettes-des-fruit-du-mer\/47-saumon-grillee-grilled-salmon\/\"]}]},{\"@type\":\"ImageObject\",\"inLanguage\":\"fr-CA\",\"@id\":\"https:\/\/chateaukababwestisland.ca\/fr\/shop\/assiettes-des-fruit-du-mer\/47-saumon-grillee-grilled-salmon\/#primaryimage\",\"url\":\"https:\/\/i0.wp.com\/chateaukababwestisland.ca\/wp-content\/uploads\/2020\/11\/47-Saumon-Grillee.png?fit=536%2C480&ssl=1\",\"contentUrl\":\"https:\/\/i0.wp.com\/chateaukababwestisland.ca\/wp-content\/uploads\/2020\/11\/47-Saumon-Grillee.png?fit=536%2C480&ssl=1\",\"width\":\"536\",\"height\":\"480\"},{\"@type\":\"BreadcrumbList\",\"@id\":\"https:\/\/chateaukababwestisland.ca\/fr\/shop\/assiettes-des-fruit-du-mer\/47-saumon-grillee-grilled-salmon\/#breadcrumb\",\"itemListElement\":[{\"@type\":\"ListItem\",\"position\":1,\"name\":\"Home\",\"item\":\"https:\/\/chateaukababwestisland.ca\/fr\/\"},{\"@type\":\"ListItem\",\"position\":2,\"name\":\"Shop\",\"item\":\"https:\/\/chateaukababwestisland.ca\/fr\/shop\/\"},{\"@type\":\"ListItem\",\"position\":3,\"name\":\"47. Saumon Grill\u00e9e \/ Grilled Salmon\"}]},{\"@type\":\"WebSite\",\"@id\":\"https:\/\/chateaukababwestisland.ca\/fr\/#website\",\"url\":\"https:\/\/chateaukababwestisland.ca\/fr\/\",\"name\":\"Chateau Kabab West Island\",\"description\":\"Montreal Persian and Iraqi Cuisine\",\"publisher\":{\"@id\":\"https:\/\/chateaukababwestisland.ca\/fr\/#organization\"},\"potentialAction\":[{\"@type\":\"SearchAction\",\"target\":{\"@type\":\"EntryPoint\",\"urlTemplate\":\"https:\/\/chateaukababwestisland.ca\/fr\/?s={search_term_string}\"},\"query-input\":{\"@type\":\"PropertyValueSpecification\",\"valueRequired\":true,\"valueName\":\"search_term_string\"}}],\"inLanguage\":\"fr-CA\"},{\"@type\":\"Organization\",\"@id\":\"https:\/\/chateaukababwestisland.ca\/fr\/#organization\",\"name\":\"Chateau Kabab West Island\",\"url\":\"https:\/\/chateaukababwestisland.ca\/fr\/\",\"logo\":{\"@type\":\"ImageObject\",\"inLanguage\":\"fr-CA\",\"@id\":\"https:\/\/chateaukababwestisland.ca\/fr\/#\/schema\/logo\/image\/\",\"url\":\"https:\/\/i0.wp.com\/chateaukababwestisland.ca\/wp-content\/uploads\/2017\/05\/ChateauKabab-Logo_black.png?fit=340%2C117&ssl=1\",\"contentUrl\":\"https:\/\/i0.wp.com\/chateaukababwestisland.ca\/wp-content\/uploads\/2017\/05\/ChateauKabab-Logo_black.png?fit=340%2C117&ssl=1\",\"width\":340,\"height\":117,\"caption\":\"Chateau Kabab West Island\"},\"image\":{\"@id\":\"https:\/\/chateaukababwestisland.ca\/fr\/#\/schema\/logo\/image\/\"},\"sameAs\":[\"https:\/\/www.facebook.com\/chateaukababwestisland.ca\/\",\"https:\/\/www.instagram.com\/chateaukababwestisland\/?hl=en\",\"https:\/\/www.linkedin.com\/company\/11179690\/\",\"https:\/\/www.youtube.com\/channel\/UCvih_J7Nmwcbe-5NRGYhjIw\"]}]}<\/script>\n<meta property=\"product:price:amount\" content=\"27.95\" \/>\n<meta property=\"product:price:currency\" content=\"CAD\" \/>\n<meta property=\"og:availability\" content=\"instock\" \/>\n<meta property=\"product:availability\" content=\"instock\" \/>\n<meta property=\"product:condition\" content=\"new\" \/>\n<!-- \/ Yoast SEO Premium plugin. -->","yoast_head_json":{"title":"47. Saumon Grill\u00e9e \/ Grilled Salmon - Chateau Kabab West Island","robots":{"index":"index","follow":"follow","max-snippet":"max-snippet:-1","max-image-preview":"max-image-preview:large","max-video-preview":"max-video-preview:-1"},"canonical":"https:\/\/chateaukababwestisland.ca\/fr\/shop\/assiettes-des-fruit-du-mer\/47-saumon-grillee-grilled-salmon\/","og_locale":"fr_CA","og_type":"article","og_title":"47. Saumon Grill\u00e9e \/ Grilled Salmon","og_description":"Go\u00fbtez notre d\u00e9licieux saumon frais marin\u00e9, grill\u00e9 sur charbon, accompag\u00e9 de riz et de sauce. Taste our delicious fresh salmon, marinated, grilled on charcoal, served with rice &amp; salmon sauce.","og_url":"https:\/\/chateaukababwestisland.ca\/fr\/shop\/assiettes-des-fruit-du-mer\/47-saumon-grillee-grilled-salmon\/","og_site_name":"Chateau Kabab West Island","article_publisher":"https:\/\/www.facebook.com\/chateaukababwestisland.ca\/","article_modified_time":"2024-03-06T13:28:46+00:00","og_image":[{"width":536,"height":480,"url":"https:\/\/i0.wp.com\/chateaukababwestisland.ca\/wp-content\/uploads\/2020\/11\/47-Saumon-Grillee.png?fit=536%2C480&ssl=1","type":"image\/png"}],"twitter_card":"summary_large_image","twitter_misc":{"Price":"&#36;27.95&nbsp;CAD","Availability":"In stock"},"schema":{"@context":"https:\/\/schema.org","@graph":[{"@type":"WebPage","@id":"https:\/\/chateaukababwestisland.ca\/fr\/shop\/assiettes-des-fruit-du-mer\/47-saumon-grillee-grilled-salmon\/","url":"https:\/\/chateaukababwestisland.ca\/fr\/shop\/assiettes-des-fruit-du-mer\/47-saumon-grillee-grilled-salmon\/","name":"47. Saumon Grill\u00e9e \/ Grilled Salmon - Chateau Kabab West Island","isPartOf":{"@id":"https:\/\/chateaukababwestisland.ca\/fr\/#website"},"primaryImageOfPage":{"@id":"https:\/\/chateaukababwestisland.ca\/fr\/shop\/assiettes-des-fruit-du-mer\/47-saumon-grillee-grilled-salmon\/#primaryimage"},"image":{"@id":"https:\/\/chateaukababwestisland.ca\/fr\/shop\/assiettes-des-fruit-du-mer\/47-saumon-grillee-grilled-salmon\/#primaryimage"},"thumbnailUrl":"https:\/\/i0.wp.com\/chateaukababwestisland.ca\/wp-content\/uploads\/2020\/11\/47-Saumon-Grillee.png?fit=536%2C480&ssl=1","datePublished":"2018-06-28T04:36:16+00:00","dateModified":"2024-03-06T13:28:46+00:00","breadcrumb":{"@id":"https:\/\/chateaukababwestisland.ca\/fr\/shop\/assiettes-des-fruit-du-mer\/47-saumon-grillee-grilled-salmon\/#breadcrumb"},"inLanguage":"fr-CA","potentialAction":[{"@type":"ReadAction","target":["https:\/\/chateaukababwestisland.ca\/fr\/shop\/assiettes-des-fruit-du-mer\/47-saumon-grillee-grilled-salmon\/"]}]},{"@type":"ImageObject","inLanguage":"fr-CA","@id":"https:\/\/chateaukababwestisland.ca\/fr\/shop\/assiettes-des-fruit-du-mer\/47-saumon-grillee-grilled-salmon\/#primaryimage","url":"https:\/\/i0.wp.com\/chateaukababwestisland.ca\/wp-content\/uploads\/2020\/11\/47-Saumon-Grillee.png?fit=536%2C480&ssl=1","contentUrl":"https:\/\/i0.wp.com\/chateaukababwestisland.ca\/wp-content\/uploads\/2020\/11\/47-Saumon-Grillee.png?fit=536%2C480&ssl=1","width":"536","height":"480"},{"@type":"BreadcrumbList","@id":"https:\/\/chateaukababwestisland.ca\/fr\/shop\/assiettes-des-fruit-du-mer\/47-saumon-grillee-grilled-salmon\/#breadcrumb","itemListElement":[{"@type":"ListItem","position":1,"name":"Home","item":"https:\/\/chateaukababwestisland.ca\/fr\/"},{"@type":"ListItem","position":2,"name":"Shop","item":"https:\/\/chateaukababwestisland.ca\/fr\/shop\/"},{"@type":"ListItem","position":3,"name":"47. Saumon Grill\u00e9e \/ Grilled Salmon"}]},{"@type":"WebSite","@id":"https:\/\/chateaukababwestisland.ca\/fr\/#website","url":"https:\/\/chateaukababwestisland.ca\/fr\/","name":"Chateau Kabab West Island","description":"Montreal Persian and Iraqi Cuisine","publisher":{"@id":"https:\/\/chateaukababwestisland.ca\/fr\/#organization"},"potentialAction":[{"@type":"SearchAction","target":{"@type":"EntryPoint","urlTemplate":"https:\/\/chateaukababwestisland.ca\/fr\/?s={search_term_string}"},"query-input":{"@type":"PropertyValueSpecification","valueRequired":true,"valueName":"search_term_string"}}],"inLanguage":"fr-CA"},{"@type":"Organization","@id":"https:\/\/chateaukababwestisland.ca\/fr\/#organization","name":"Chateau Kabab West Island","url":"https:\/\/chateaukababwestisland.ca\/fr\/","logo":{"@type":"ImageObject","inLanguage":"fr-CA","@id":"https:\/\/chateaukababwestisland.ca\/fr\/#\/schema\/logo\/image\/","url":"https:\/\/i0.wp.com\/chateaukababwestisland.ca\/wp-content\/uploads\/2017\/05\/ChateauKabab-Logo_black.png?fit=340%2C117&ssl=1","contentUrl":"https:\/\/i0.wp.com\/chateaukababwestisland.ca\/wp-content\/uploads\/2017\/05\/ChateauKabab-Logo_black.png?fit=340%2C117&ssl=1","width":340,"height":117,"caption":"Chateau Kabab West Island"},"image":{"@id":"https:\/\/chateaukababwestisland.ca\/fr\/#\/schema\/logo\/image\/"},"sameAs":["https:\/\/www.facebook.com\/chateaukababwestisland.ca\/","https:\/\/www.instagram.com\/chateaukababwestisland\/?hl=en","https:\/\/www.linkedin.com\/company\/11179690\/","https:\/\/www.youtube.com\/channel\/UCvih_J7Nmwcbe-5NRGYhjIw"]}]},"product_price_amount":"27.95","product_price_currency":"CAD","og_availability":"instock","product_availability":"instock","product_condition":"new"},"jetpack_sharing_enabled":true,"_links":{"self":[{"href":"https:\/\/chateaukababwestisland.ca\/fr\/wp-json\/wp\/v2\/product\/3022","targetHints":{"allow":["GET"]}}],"collection":[{"href":"https:\/\/chateaukababwestisland.ca\/fr\/wp-json\/wp\/v2\/product"}],"about":[{"href":"https:\/\/chateaukababwestisland.ca\/fr\/wp-json\/wp\/v2\/types\/product"}],"wp:featuredmedia":[{"embeddable":true,"href":"https:\/\/chateaukababwestisland.ca\/fr\/wp-json\/wp\/v2\/media\/5048"}],"wp:attachment":[{"href":"https:\/\/chateaukababwestisland.ca\/fr\/wp-json\/wp\/v2\/media?parent=3022"}],"wp:term":[{"taxonomy":"product_brand","embeddable":true,"href":"https:\/\/chateaukababwestisland.ca\/fr\/wp-json\/wp\/v2\/product_brand?post=3022"},{"taxonomy":"product_cat","embeddable":true,"href":"https:\/\/chateaukababwestisland.ca\/fr\/wp-json\/wp\/v2\/product_cat?post=3022"},{"taxonomy":"product_tag","embeddable":true,"href":"https:\/\/chateaukababwestisland.ca\/fr\/wp-json\/wp\/v2\/product_tag?post=3022"}],"curies":[{"name":"wp","href":"https:\/\/api.w.org\/{rel}","templated":true}]}}